{"id":1169,"date":"2014-09-28T17:21:46","date_gmt":"2014-09-28T15:21:46","guid":{"rendered":"https:\/\/ekuna.hu\/index.php\/tht-mounting\/"},"modified":"2017-12-19T13:17:13","modified_gmt":"2017-12-19T11:17:13","slug":"tht-mounting","status":"publish","type":"page","link":"https:\/\/www.ekuna.hu\/index.php\/assembly-production\/tht-mounting\/","title":{"rendered":"A THT be\u00fcltet\u00e9s a hagyom\u00e1nyos \u00e9s effekt\u00edv m\u00f3dszer"},"content":{"rendered":"<div class=\"wpb-content-wrapper\"><p>[vc_row][vc_column][vc_column_text]A PCB-k k\u00e9zi be\u00fcltet\u00e9se egy alapvet\u0151 m\u00f3dszere a min\u0151s\u00e9gi \u00e9s alapos munkav\u00e9gz\u00e9snek. Alkalmazottaink t\u00f6bb \u00e9ves tapasztalata biztos\u00edtja a helyes \u00e9s gyors be\u00fcltet\u00e9st, valamint folyamatos k\u00e9pz\u00e9seinknek k\u00f6sz\u00f6nhet\u0151en a leg\u00fajabb technol\u00f3gi\u00e1kkal \u00e9s fejleszt\u00e9sekkel is l\u00e9p\u00e9st tartanak. Elk\u00f6telezett munkat\u00e1rsaink rugalmasan alkalmazkodnak a hat\u00e1rid\u0151kh\u00f6z, a c\u00e9g egy\u00fcttes er\u0151vel dolgozik azon, hogy a megrendel\u00e9sek a sz\u00e1ll\u00edt\u00e1s napj\u00e1ra elk\u00e9sz\u00fcljenek.[\/vc_column_text][\/vc_column][\/vc_row][vc_row][vc_column][vc_empty_space height=&#8221;30px&#8221;][\/vc_column][\/vc_row][vc_row][vc_column width=&#8221;1\/3&#8243;][vc_empty_space height=&#8221;5px&#8221;][vc_single_image image=&#8221;209&#8243; alignment=&#8221;center&#8221; onclick=&#8221;custom_link&#8221; img_link_target=&#8221;_blank&#8221; link=&#8221;https:\/\/ekuna.hu\/wp-content\/uploads\/2014\/09\/karre-tht-bestueckt-gross.jpg&#8221; img_link_large=&#8221;yes&#8221; el_class=&#8221;prettyphoto&#8221;][\/vc_column][vc_column width=&#8221;2\/3&#8243; css=&#8221;.vc_custom_1412608586227{margin-left: -10px !important;}&#8221;][vc_column_text]<\/p>\n<h3>EMS szolg\u00e1ltat\u00e1saink \u00e1ttekint\u00e9se:<\/h3>\n<ul>\n<li>PCB-k hagyom\u00e1nyos k\u00e9zi be\u00fcltet\u00e9se<\/li>\n<li>lehet axi\u00e1lis vagy radi\u00e1lis vezet\u00e9k<\/li>\n<li>rugalmas munkav\u00e9gz\u00e9s<\/li>\n<li>nincs m\u00e9retkorl\u00e1toz\u00e1s a k\u00e9zi be\u00fcltet\u00e9s miatt<\/li>\n<li>a be\u00fcltet\u00e9st f\u00e9lautomata Royonic be\u00fcltet\u0151g\u00e9pek seg\u00edtik<\/li>\n<li>ISO-9001 tan\u00fas\u00edtv\u00e1nnyal rendelkezik<\/li>\n<\/ul>\n<p>[\/vc_column_text][\/vc_column][\/vc_row][vc_row][vc_column][vc_empty_space height=&#8221;30px&#8221;][\/vc_column][\/vc_row][vc_row][vc_column][vc_gallery type=&#8221;image_grid&#8221; images=&#8221;627,628,629&#8243;][\/vc_column][\/vc_row][vc_row el_class=&#8221;red-btn&#8221;][vc_column][vc_button title=&#8221;L\u00e9pjen vel\u00fcnk kapcsolatba&#8221; href=&#8221;https:\/\/ekuna.hu\/index.php\/contact\/&#8221;][\/vc_column][\/vc_row]<\/p>\n<\/div>","protected":false},"excerpt":{"rendered":"<p>[vc_row][vc_column][vc_column_text]A PCB-k k\u00e9zi be\u00fcltet\u00e9se egy alapvet\u0151 m\u00f3dszere a min\u0151s\u00e9gi \u00e9s alapos munkav\u00e9gz\u00e9snek. Alkalmazottaink t\u00f6bb \u00e9ves tapasztalata biztos\u00edtja a helyes \u00e9s gyors be\u00fcltet\u00e9st, valamint folyamatos k\u00e9pz\u00e9seinknek k\u00f6sz\u00f6nhet\u0151en a leg\u00fajabb technol\u00f3gi\u00e1kkal \u00e9s fejleszt\u00e9sekkel is l\u00e9p\u00e9st tartanak. Elk\u00f6telezett munkat\u00e1rsaink rugalmasan alkalmazkodnak a hat\u00e1rid\u0151kh\u00f6z, a c\u00e9g egy\u00fcttes er\u0151vel dolgozik azon, hogy a megrendel\u00e9sek a sz\u00e1ll\u00edt\u00e1s napj\u00e1ra elk\u00e9sz\u00fcljenek.[\/vc_column_text][\/vc_column][\/vc_row][vc_row][vc_column][vc_empty_space height=&#8221;30px&#8221;][\/vc_column][\/vc_row][vc_row][vc_column width=&#8221;1\/3&#8243;][vc_empty_space [&hellip;]<\/p>\n","protected":false},"author":1,"featured_media":1170,"parent":1192,"menu_order":230,"comment_status":"closed","ping_status":"closed","template":"page-templates\/page-hu.php","meta":{"_monsterinsights_skip_tracking":false,"_monsterinsights_sitenote_active":false,"_monsterinsights_sitenote_note":"","_monsterinsights_sitenote_category":0,"footnotes":""},"_links":{"self":[{"href":"https:\/\/www.ekuna.hu\/index.php\/wp-json\/wp\/v2\/pages\/1169"}],"collection":[{"href":"https:\/\/www.ekuna.hu\/index.php\/wp-json\/wp\/v2\/pages"}],"about":[{"href":"https:\/\/www.ekuna.hu\/index.php\/wp-json\/wp\/v2\/types\/page"}],"author":[{"embeddable":true,"href":"https:\/\/www.ekuna.hu\/index.php\/wp-json\/wp\/v2\/users\/1"}],"replies":[{"embeddable":true,"href":"https:\/\/www.ekuna.hu\/index.php\/wp-json\/wp\/v2\/comments?post=1169"}],"version-history":[{"count":2,"href":"https:\/\/www.ekuna.hu\/index.php\/wp-json\/wp\/v2\/pages\/1169\/revisions"}],"predecessor-version":[{"id":1198,"href":"https:\/\/www.ekuna.hu\/index.php\/wp-json\/wp\/v2\/pages\/1169\/revisions\/1198"}],"up":[{"embeddable":true,"href":"https:\/\/www.ekuna.hu\/index.php\/wp-json\/wp\/v2\/pages\/1192"}],"wp:featuredmedia":[{"embeddable":true,"href":"https:\/\/www.ekuna.hu\/index.php\/wp-json\/wp\/v2\/media\/1170"}],"wp:attachment":[{"href":"https:\/\/www.ekuna.hu\/index.php\/wp-json\/wp\/v2\/media?parent=1169"}],"curies":[{"name":"wp","href":"https:\/\/api.w.org\/{rel}","templated":true}]}}