{"id":1171,"date":"2014-09-28T17:22:06","date_gmt":"2014-09-28T15:22:06","guid":{"rendered":"https:\/\/ekuna.hu\/index.php\/potting\/"},"modified":"2017-12-19T13:17:13","modified_gmt":"2017-12-19T11:17:13","slug":"potting","status":"publish","type":"page","link":"https:\/\/www.ekuna.hu\/index.php\/assembly-production\/potting\/","title":{"rendered":"Szem\u00e9lyreszabott megold\u00e1sok b\u00e1rmilyen ki\u00f6nt\u00e9s ig\u00e9nyre"},"content":{"rendered":"<div class=\"wpb-content-wrapper\"><p>[vc_row][vc_column][vc_column_text]A platin\u00e1k \u00e9s modulok, majdnem k\u00e9sz term\u00e9kek ki\u00f6nt\u00e9s\u00e9nek feladat\u00e1t nem adj\u00e1k ki m\u00e1s c\u00e9geknek, hanem itt v\u00e9gzik helyben az Ekun\u00e1ban, mely t\u00f6bb \u00e9ves tapasztalattal rendelkezik ezen a t\u00e9ren. \u00dcgyfeleink szem\u00e9lyreszabott proced\u00far\u00e1kat szabhatnak, hogy rendel\u00e9s\u00fck pontosan \u00fagy k\u00e9sz\u00fclj\u00f6n el, ahogyan azt elv\u00e1rj\u00e1k.[\/vc_column_text][\/vc_column][\/vc_row][vc_row][vc_column][vc_empty_space height=&#8221;30px&#8221;][\/vc_column][\/vc_row][vc_row][vc_column width=&#8221;1\/3&#8243;][vc_empty_space height=&#8221;5px&#8221;][vc_single_image image=&#8221;269&#8243; img_link_large=&#8221;yes&#8221; el_class=&#8221;prettyphoto&#8221;][\/vc_column][vc_column width=&#8221;2\/3&#8243; css=&#8221;.vc_custom_1412609174941{margin-left: -10px !important;}&#8221;][vc_column_text]<\/p>\n<h3>Ki\u00f6nt\u0151anyagok jellegzetess\u00e9gei<\/h3>\n<ul>\n<li>Mechanikai v\u00e9delem nedvess\u00e9gt\u0151l, k\u00fcls\u0151 szennyez\u0151d\u00e9sekt\u0151l, v\u00edzt\u0151l, port\u00f3l, korr\u00f3zi\u00f3t\u00f3l, vegyszerekt\u0151l, h\u0151m\u00e9rs\u00e9kleti ingadoz\u00e1sokt\u00f3l stb&#8230;<\/li>\n<li>\u00c9rintkez\u00e9s ellenni v\u00e9delem (elektromos biztons\u00e1gi)<\/li>\n<li>Elektromos szigetel\u00e9s<\/li>\n<li>Robban\u00e1sv\u00e9delem<\/li>\n<li>Alkatr\u00e9szek r\u00f6gz\u00edt\u00e9se<\/li>\n<li>Rezg\u00e9s- \u00e9s \u00fct\u00e9s\u00e1ll\u00f3s\u00e1g n\u00f6vel\u00e9se<\/li>\n<\/ul>\n<p>[\/vc_column_text][\/vc_column][\/vc_row][vc_row][vc_column][vc_empty_space height=&#8221;30px&#8221;][\/vc_column][\/vc_row][vc_row][vc_column][vc_gallery type=&#8221;image_grid&#8221; images=&#8221;270,271,272&#8243;][\/vc_column][\/vc_row][vc_row el_class=&#8221;red-btn&#8221;][vc_column][vc_button title=&#8221;L\u00e9pjen vel\u00fcnk kapcsolatba&#8221; href=&#8221;https:\/\/ekuna.hu\/index.php\/contact\/&#8221;][\/vc_column][\/vc_row]<\/p>\n<\/div>","protected":false},"excerpt":{"rendered":"<p>[vc_row][vc_column][vc_column_text]A platin\u00e1k \u00e9s modulok, majdnem k\u00e9sz term\u00e9kek ki\u00f6nt\u00e9s\u00e9nek feladat\u00e1t nem adj\u00e1k ki m\u00e1s c\u00e9geknek, hanem itt v\u00e9gzik helyben az Ekun\u00e1ban, mely t\u00f6bb \u00e9ves tapasztalattal rendelkezik ezen a t\u00e9ren. \u00dcgyfeleink szem\u00e9lyreszabott proced\u00far\u00e1kat szabhatnak, hogy rendel\u00e9s\u00fck pontosan \u00fagy k\u00e9sz\u00fclj\u00f6n el, ahogyan azt elv\u00e1rj\u00e1k.[\/vc_column_text][\/vc_column][\/vc_row][vc_row][vc_column][vc_empty_space height=&#8221;30px&#8221;][\/vc_column][\/vc_row][vc_row][vc_column width=&#8221;1\/3&#8243;][vc_empty_space height=&#8221;5px&#8221;][vc_single_image image=&#8221;269&#8243; img_link_large=&#8221;yes&#8221; el_class=&#8221;prettyphoto&#8221;][\/vc_column][vc_column width=&#8221;2\/3&#8243; css=&#8221;.vc_custom_1412609174941{margin-left: -10px !important;}&#8221;][vc_column_text] Ki\u00f6nt\u0151anyagok jellegzetess\u00e9gei Mechanikai v\u00e9delem [&hellip;]<\/p>\n","protected":false},"author":1,"featured_media":1172,"parent":1192,"menu_order":240,"comment_status":"closed","ping_status":"closed","template":"page-templates\/page-hu.php","meta":{"_monsterinsights_skip_tracking":false,"_monsterinsights_sitenote_active":false,"_monsterinsights_sitenote_note":"","_monsterinsights_sitenote_category":0,"footnotes":""},"_links":{"self":[{"href":"https:\/\/www.ekuna.hu\/index.php\/wp-json\/wp\/v2\/pages\/1171"}],"collection":[{"href":"https:\/\/www.ekuna.hu\/index.php\/wp-json\/wp\/v2\/pages"}],"about":[{"href":"https:\/\/www.ekuna.hu\/index.php\/wp-json\/wp\/v2\/types\/page"}],"author":[{"embeddable":true,"href":"https:\/\/www.ekuna.hu\/index.php\/wp-json\/wp\/v2\/users\/1"}],"replies":[{"embeddable":true,"href":"https:\/\/www.ekuna.hu\/index.php\/wp-json\/wp\/v2\/comments?post=1171"}],"version-history":[{"count":2,"href":"https:\/\/www.ekuna.hu\/index.php\/wp-json\/wp\/v2\/pages\/1171\/revisions"}],"predecessor-version":[{"id":1209,"href":"https:\/\/www.ekuna.hu\/index.php\/wp-json\/wp\/v2\/pages\/1171\/revisions\/1209"}],"up":[{"embeddable":true,"href":"https:\/\/www.ekuna.hu\/index.php\/wp-json\/wp\/v2\/pages\/1192"}],"wp:featuredmedia":[{"embeddable":true,"href":"https:\/\/www.ekuna.hu\/index.php\/wp-json\/wp\/v2\/media\/1172"}],"wp:attachment":[{"href":"https:\/\/www.ekuna.hu\/index.php\/wp-json\/wp\/v2\/media?parent=1171"}],"curies":[{"name":"wp","href":"https:\/\/api.w.org\/{rel}","templated":true}]}}