{"id":1173,"date":"2014-09-28T17:22:27","date_gmt":"2014-09-28T15:22:27","guid":{"rendered":"https:\/\/ekuna.hu\/index.php\/pcb-mounting\/"},"modified":"2017-12-19T13:17:13","modified_gmt":"2017-12-19T11:17:13","slug":"pcb-mounting","status":"publish","type":"page","link":"https:\/\/www.ekuna.hu\/index.php\/assembly-production\/pcb-mounting\/","title":{"rendered":"PCB lakkoz\u00e1s a be\u00fcltet\u00e9s ut\u00e1n"},"content":{"rendered":"<div class=\"wpb-content-wrapper\"><p>[vc_row][vc_column][vc_column_text]A platin\u00e1k be\u00fcltet\u00e9se ut\u00e1n fontos gondolnunk azok v\u00e9delm\u00e9re. Erre a c\u00e9lra c\u00e9g\u00fcnk lehet\u0151s\u00e9get k\u00edn\u00e1l a szinte m\u00e1r elengedehtetlennek mondhat\u00f3 lakkoz\u00e1s form\u00e1j\u00e1ban, amely igen hat\u00e9kony v\u00e9delmet biztos\u00edt a platin\u00e1k sz\u00e1m\u00e1ra a k\u00f6rnyezeti hat\u00e1sok ellen.<\/p>\n<p>&nbsp;<\/p>\n<p>&nbsp;<\/p>\n<h3>A megfelel\u0151 v\u00e9delem<\/h3>\n<p>K\u00e9t sz\u00e1m\u00edt\u00f3g\u00e9p-vez\u00e9rl\u00e9s\u0171 lakkoz\u00f3g\u00e9p biztos\u00edtja a gyors \u00e9s pontos munkav\u00e9gz\u00e9st, melyet k\u00e9pzett szakemberek kezelnek. Prec\u00edzen be\u00e1ll\u00edthat\u00f3 a lefedni k\u00edv\u00e1nt ter\u00fclet, valamint a lakkr\u00e9teg vastags\u00e1ga a PCB felsz\u00edn\u00e9n. Tov\u00e1bb\u00e1 manu\u00e1lis, illetve k\u00e9zi lakkoz\u00e1st v\u00e9gz\u00fcnk, ha sz\u00fcks\u00e9ges.<br \/>\nMinden lakkozott PCB vizu\u00e1lis ellen\u0151rz\u00e9sen esik kereszt\u00fcl UV f\u00e9ny alatt, fokozott figyelmet szentelve a lakkoz\u00e1s min\u0151s\u00e9g\u00e9re.[\/vc_column_text][\/vc_column][\/vc_row][vc_row][vc_column][vc_empty_space height=&#8221;30px&#8221;][\/vc_column][\/vc_row][vc_row][vc_column][vc_gallery type=&#8221;image_grid&#8221; images=&#8221;453,451&#8243;][\/vc_column][\/vc_row][vc_row el_class=&#8221;red-btn&#8221;][vc_column][vc_button title=&#8221;L\u00e9pjen vel\u00fcnk kapcsolatba&#8221; href=&#8221;https:\/\/ekuna.hu\/index.php\/contact\/&#8221;][\/vc_column][\/vc_row]<\/p>\n<\/div>","protected":false},"excerpt":{"rendered":"<p>[vc_row][vc_column][vc_column_text]A platin\u00e1k be\u00fcltet\u00e9se ut\u00e1n fontos gondolnunk azok v\u00e9delm\u00e9re. Erre a c\u00e9lra c\u00e9g\u00fcnk lehet\u0151s\u00e9get k\u00edn\u00e1l a szinte m\u00e1r elengedehtetlennek mondhat\u00f3 lakkoz\u00e1s form\u00e1j\u00e1ban, amely igen hat\u00e9kony v\u00e9delmet biztos\u00edt a platin\u00e1k sz\u00e1m\u00e1ra a k\u00f6rnyezeti hat\u00e1sok ellen. &nbsp; &nbsp; A megfelel\u0151 v\u00e9delem K\u00e9t sz\u00e1m\u00edt\u00f3g\u00e9p-vez\u00e9rl\u00e9s\u0171 lakkoz\u00f3g\u00e9p biztos\u00edtja a gyors \u00e9s pontos munkav\u00e9gz\u00e9st, melyet k\u00e9pzett szakemberek kezelnek. Prec\u00edzen be\u00e1ll\u00edthat\u00f3 a lefedni [&hellip;]<\/p>\n","protected":false},"author":1,"featured_media":1174,"parent":1192,"menu_order":250,"comment_status":"closed","ping_status":"closed","template":"page-templates\/page-hu.php","meta":{"_monsterinsights_skip_tracking":false,"_monsterinsights_sitenote_active":false,"_monsterinsights_sitenote_note":"","_monsterinsights_sitenote_category":0,"footnotes":""},"_links":{"self":[{"href":"https:\/\/www.ekuna.hu\/index.php\/wp-json\/wp\/v2\/pages\/1173"}],"collection":[{"href":"https:\/\/www.ekuna.hu\/index.php\/wp-json\/wp\/v2\/pages"}],"about":[{"href":"https:\/\/www.ekuna.hu\/index.php\/wp-json\/wp\/v2\/types\/page"}],"author":[{"embeddable":true,"href":"https:\/\/www.ekuna.hu\/index.php\/wp-json\/wp\/v2\/users\/1"}],"replies":[{"embeddable":true,"href":"https:\/\/www.ekuna.hu\/index.php\/wp-json\/wp\/v2\/comments?post=1173"}],"version-history":[{"count":2,"href":"https:\/\/www.ekuna.hu\/index.php\/wp-json\/wp\/v2\/pages\/1173\/revisions"}],"predecessor-version":[{"id":1212,"href":"https:\/\/www.ekuna.hu\/index.php\/wp-json\/wp\/v2\/pages\/1173\/revisions\/1212"}],"up":[{"embeddable":true,"href":"https:\/\/www.ekuna.hu\/index.php\/wp-json\/wp\/v2\/pages\/1192"}],"wp:featuredmedia":[{"embeddable":true,"href":"https:\/\/www.ekuna.hu\/index.php\/wp-json\/wp\/v2\/media\/1174"}],"wp:attachment":[{"href":"https:\/\/www.ekuna.hu\/index.php\/wp-json\/wp\/v2\/media?parent=1173"}],"curies":[{"name":"wp","href":"https:\/\/api.w.org\/{rel}","templated":true}]}}