{"id":1175,"date":"2014-09-28T17:22:40","date_gmt":"2014-09-28T15:22:40","guid":{"rendered":"https:\/\/ekuna.hu\/index.php\/pad-printing\/"},"modified":"2017-12-19T13:17:13","modified_gmt":"2017-12-19T11:17:13","slug":"pad-printing","status":"publish","type":"page","link":"https:\/\/www.ekuna.hu\/index.php\/assembly-production\/pad-printing\/","title":{"rendered":"Tampongrafika az elektronikai gy\u00e1rt\u00e1sban"},"content":{"rendered":"<div class=\"wpb-content-wrapper\"><p>[vc_row][vc_column][vc_column_text]Teljes k\u00f6r\u0171 szolg\u00e1ltat\u00e1saink r\u00e9sz\u00e9t k\u00e9pezi a tampongrafika k\u00e9sz\u00edt\u00e9se. \u00cdgy ez a munkafolyamat elv\u00e9gezhet\u0151 c\u00e9g\u00fcnk\u00f6n bel\u00fcl, ami \u00e1ltal a term\u00e9kek l\u00e9nyegesen el\u0151bb k\u00e9sz\u00fclnek el, hiszen nem sz\u00fcks\u00e9ges k\u00fcl\u00f6n \u00fczembe sz\u00e1ll\u00edtani a f\u00e9lk\u00e9sz term\u00e9keket.[\/vc_column_text][\/vc_column][\/vc_row][vc_row][vc_column][vc_empty_space height=&#8221;30px&#8221;][\/vc_column][\/vc_row][vc_row][vc_column][vc_column_text]<\/p>\n<h3>Tampongrafika ter\u00fcletei<\/h3>\n<p>Ez a nyomtat\u00e1si m\u00f3dszer a nyomtat\u00e1si fel\u00fcletet nem k\u00e1ros\u00edtja a szilikonfej miatt, amely felviszi a grafik\u00e1t.<\/p>\n<p>&nbsp;<\/p>\n<ul>\n<li>C\u00e9g neve, log\u00f3 \u00e9s minta<\/li>\n<li>T\u00e1rgy neve, t\u00e9tel sz\u00e1ma<\/li>\n<li>M\u0171szaki adatok, normat\u00edv hivatkoz\u00e1sok<\/li>\n<li>\u00dczemeltet\u00e9si utas\u00edt\u00e1s, figyelmeztet\u00e9sek<\/li>\n<\/ul>\n<p>[\/vc_column_text][\/vc_column][\/vc_row][vc_row][vc_column][vc_empty_space height=&#8221;30px&#8221;][\/vc_column][\/vc_row][vc_row][vc_column][vc_gallery type=&#8221;image_grid&#8221; images=&#8221;590,588&#8243;][\/vc_column][\/vc_row][vc_row el_class=&#8221;red-btn&#8221;][vc_column][vc_button title=&#8221;L\u00e9pjen vel\u00fcnk kapcsolatba&#8221; href=&#8221;https:\/\/ekuna.hu\/index.php\/contact\/&#8221;][\/vc_column][\/vc_row]<\/p>\n<\/div>","protected":false},"excerpt":{"rendered":"<p>[vc_row][vc_column][vc_column_text]Teljes k\u00f6r\u0171 szolg\u00e1ltat\u00e1saink r\u00e9sz\u00e9t k\u00e9pezi a tampongrafika k\u00e9sz\u00edt\u00e9se. \u00cdgy ez a munkafolyamat elv\u00e9gezhet\u0151 c\u00e9g\u00fcnk\u00f6n bel\u00fcl, ami \u00e1ltal a term\u00e9kek l\u00e9nyegesen el\u0151bb k\u00e9sz\u00fclnek el, hiszen nem sz\u00fcks\u00e9ges k\u00fcl\u00f6n \u00fczembe sz\u00e1ll\u00edtani a f\u00e9lk\u00e9sz term\u00e9keket.[\/vc_column_text][\/vc_column][\/vc_row][vc_row][vc_column][vc_empty_space height=&#8221;30px&#8221;][\/vc_column][\/vc_row][vc_row][vc_column][vc_column_text] Tampongrafika ter\u00fcletei Ez a nyomtat\u00e1si m\u00f3dszer a nyomtat\u00e1si fel\u00fcletet nem k\u00e1ros\u00edtja a szilikonfej miatt, amely felviszi a grafik\u00e1t. &nbsp; C\u00e9g neve, log\u00f3 [&hellip;]<\/p>\n","protected":false},"author":1,"featured_media":1176,"parent":1192,"menu_order":260,"comment_status":"closed","ping_status":"closed","template":"page-templates\/page-hu.php","meta":{"_monsterinsights_skip_tracking":false,"_monsterinsights_sitenote_active":false,"_monsterinsights_sitenote_note":"","_monsterinsights_sitenote_category":0,"footnotes":""},"_links":{"self":[{"href":"https:\/\/www.ekuna.hu\/index.php\/wp-json\/wp\/v2\/pages\/1175"}],"collection":[{"href":"https:\/\/www.ekuna.hu\/index.php\/wp-json\/wp\/v2\/pages"}],"about":[{"href":"https:\/\/www.ekuna.hu\/index.php\/wp-json\/wp\/v2\/types\/page"}],"author":[{"embeddable":true,"href":"https:\/\/www.ekuna.hu\/index.php\/wp-json\/wp\/v2\/users\/1"}],"replies":[{"embeddable":true,"href":"https:\/\/www.ekuna.hu\/index.php\/wp-json\/wp\/v2\/comments?post=1175"}],"version-history":[{"count":2,"href":"https:\/\/www.ekuna.hu\/index.php\/wp-json\/wp\/v2\/pages\/1175\/revisions"}],"predecessor-version":[{"id":1215,"href":"https:\/\/www.ekuna.hu\/index.php\/wp-json\/wp\/v2\/pages\/1175\/revisions\/1215"}],"up":[{"embeddable":true,"href":"https:\/\/www.ekuna.hu\/index.php\/wp-json\/wp\/v2\/pages\/1192"}],"wp:featuredmedia":[{"embeddable":true,"href":"https:\/\/www.ekuna.hu\/index.php\/wp-json\/wp\/v2\/media\/1176"}],"wp:attachment":[{"href":"https:\/\/www.ekuna.hu\/index.php\/wp-json\/wp\/v2\/media?parent=1175"}],"curies":[{"name":"wp","href":"https:\/\/api.w.org\/{rel}","templated":true}]}}