{"id":1177,"date":"2014-09-28T17:22:52","date_gmt":"2014-09-28T15:22:52","guid":{"rendered":"https:\/\/ekuna.hu\/index.php\/module-assembly\/"},"modified":"2017-12-19T13:17:14","modified_gmt":"2017-12-19T11:17:14","slug":"module-assembly","status":"publish","type":"page","link":"https:\/\/www.ekuna.hu\/index.php\/assembly-production\/module-assembly\/","title":{"rendered":"\u00d6ssze\u00e1ll\u00edt\u00e1st\u00f3l az elad\u00e1sra k\u00e9sz term\u00e9kig"},"content":{"rendered":"<div class=\"wpb-content-wrapper\"><p>[vc_row][vc_column][vc_column_text]C\u00e9g\u00fcnk felszerelts\u00e9ge lehet\u0151v\u00e9 teszi a kis modulok \u00f6ssze\u00e1ll\u00edt\u00e1s\u00e1t eg\u00e9szen a komplett term\u00e9kek \u00f6sszeszerel\u00e9s\u00e9ig. Eszk\u00f6zeink \u00e9s g\u00e9peink a kornak megfelel\u0151 technol\u00f3gi\u00e1t haszn\u00e1lj\u00e1k, biztos\u00edtva a napjainkban elv\u00e1rt min\u0151s\u00e9get \u00e9s sebess\u00e9get. Lehet sz\u00f3 kis- vagy nagysz\u00e1m\u00fa megrendel\u00e9sr\u0151l, minden esetben kiv\u00e1l\u00f3 sz\u00ednvonalat \u00e9s pontoss\u00e1got ny\u00fajtunk.[\/vc_column_text][\/vc_column][\/vc_row][vc_row][vc_column][vc_empty_space height=&#8221;30px&#8221;][\/vc_column][\/vc_row][vc_row][vc_column][vc_column_text]<\/p>\n<h3>\u00c9rt\u00e9kes\u00edt\u00e9sre k\u00e9sz csomagol\u00e1s<\/h3>\n<p>A modulok a megadott param\u00e9terek alapj\u00e1n ker\u00fclnek \u00f6sszeszerel\u00e9sre, majd k\u00e9r\u00e9st\u0151l f\u00fcgg\u0151en tesztel\u00e9sre. Ezut\u00e1n a k\u00e9sz term\u00e9k a megrendel\u0151 \u00e1ltal meghat\u00e1rozott m\u00f3don csomagol\u00e1sra ker\u00fclhet. A term\u00e9k csomagol\u00e1s\u00e1ba minden kieg\u00e9sz\u00edt\u0151 beleker\u00fclhet, mint haszn\u00e1lati \u00fatmutat\u00f3k, eszk\u00f6z\u00f6k vagy szerviz- \u00e9s egy\u00e9b csomagok. A term\u00e9k \u00edgy \u00e9rt\u00e9kes\u00edt\u00e9sre k\u00e9szen hagyhatja el az \u00fczemet, id\u0151t \u00e9s p\u00e9nzt sp\u00f3rolva.<br \/>\n[\/vc_column_text][\/vc_column][\/vc_row][vc_row][vc_column][vc_empty_space height=&#8221;30px&#8221;][\/vc_column][\/vc_row][vc_row][vc_column][vc_gallery type=&#8221;image_grid&#8221; images=&#8221;244,245&#8243;][\/vc_column][\/vc_row][vc_row el_class=&#8221;red-btn&#8221;][vc_column][vc_button title=&#8221;L\u00e9pjen vel\u00fcnk kapcsolatba&#8221; href=&#8221;https:\/\/ekuna.hu\/index.php\/contact\/&#8221;][\/vc_column][\/vc_row]<\/p>\n<\/div>","protected":false},"excerpt":{"rendered":"<p>[vc_row][vc_column][vc_column_text]C\u00e9g\u00fcnk felszerelts\u00e9ge lehet\u0151v\u00e9 teszi a kis modulok \u00f6ssze\u00e1ll\u00edt\u00e1s\u00e1t eg\u00e9szen a komplett term\u00e9kek \u00f6sszeszerel\u00e9s\u00e9ig. Eszk\u00f6zeink \u00e9s g\u00e9peink a kornak megfelel\u0151 technol\u00f3gi\u00e1t haszn\u00e1lj\u00e1k, biztos\u00edtva a napjainkban elv\u00e1rt min\u0151s\u00e9get \u00e9s sebess\u00e9get. Lehet sz\u00f3 kis- vagy nagysz\u00e1m\u00fa megrendel\u00e9sr\u0151l, minden esetben kiv\u00e1l\u00f3 sz\u00ednvonalat \u00e9s pontoss\u00e1got ny\u00fajtunk.[\/vc_column_text][\/vc_column][\/vc_row][vc_row][vc_column][vc_empty_space height=&#8221;30px&#8221;][\/vc_column][\/vc_row][vc_row][vc_column][vc_column_text] \u00c9rt\u00e9kes\u00edt\u00e9sre k\u00e9sz csomagol\u00e1s A modulok a megadott param\u00e9terek alapj\u00e1n ker\u00fclnek \u00f6sszeszerel\u00e9sre, majd k\u00e9r\u00e9st\u0151l [&hellip;]<\/p>\n","protected":false},"author":1,"featured_media":1178,"parent":1192,"menu_order":270,"comment_status":"closed","ping_status":"closed","template":"page-templates\/page-hu.php","meta":{"_monsterinsights_skip_tracking":false,"_monsterinsights_sitenote_active":false,"_monsterinsights_sitenote_note":"","_monsterinsights_sitenote_category":0,"footnotes":""},"_links":{"self":[{"href":"https:\/\/www.ekuna.hu\/index.php\/wp-json\/wp\/v2\/pages\/1177"}],"collection":[{"href":"https:\/\/www.ekuna.hu\/index.php\/wp-json\/wp\/v2\/pages"}],"about":[{"href":"https:\/\/www.ekuna.hu\/index.php\/wp-json\/wp\/v2\/types\/page"}],"author":[{"embeddable":true,"href":"https:\/\/www.ekuna.hu\/index.php\/wp-json\/wp\/v2\/users\/1"}],"replies":[{"embeddable":true,"href":"https:\/\/www.ekuna.hu\/index.php\/wp-json\/wp\/v2\/comments?post=1177"}],"version-history":[{"count":2,"href":"https:\/\/www.ekuna.hu\/index.php\/wp-json\/wp\/v2\/pages\/1177\/revisions"}],"predecessor-version":[{"id":1218,"href":"https:\/\/www.ekuna.hu\/index.php\/wp-json\/wp\/v2\/pages\/1177\/revisions\/1218"}],"up":[{"embeddable":true,"href":"https:\/\/www.ekuna.hu\/index.php\/wp-json\/wp\/v2\/pages\/1192"}],"wp:featuredmedia":[{"embeddable":true,"href":"https:\/\/www.ekuna.hu\/index.php\/wp-json\/wp\/v2\/media\/1178"}],"wp:attachment":[{"href":"https:\/\/www.ekuna.hu\/index.php\/wp-json\/wp\/v2\/media?parent=1177"}],"curies":[{"name":"wp","href":"https:\/\/api.w.org\/{rel}","templated":true}]}}