{"id":1179,"date":"2014-09-28T17:23:17","date_gmt":"2014-09-28T15:23:17","guid":{"rendered":"https:\/\/ekuna.hu\/index.php\/mechanical-processing\/"},"modified":"2017-12-19T13:17:14","modified_gmt":"2017-12-19T11:17:14","slug":"mechanical-processing","status":"publish","type":"page","link":"https:\/\/www.ekuna.hu\/index.php\/assembly-production\/mechanical-processing\/","title":{"rendered":"\u201cG\u00e9pi feldolgoz\u00e1st is v\u00e9gz\u00fcnk\u201c"},"content":{"rendered":"<div class=\"wpb-content-wrapper\"><p>[vc_row][vc_column][vc_column_text]Az apr\u00f3 alkatr\u00e9szek be\u00fcltet\u00e9s\u00e9n \u00e9s modulok \u00f6ssze\u00e1ll\u00edt\u00e1s\u00e1n t\u00fal, k\u00fcl\u00f6nb\u00f6z\u0151 anyagok megmunk\u00e1l\u00e1s\u00e1t is v\u00e9gezz\u00fck.<\/p>\n<p>&nbsp;<\/p>\n<h3>Ugyanazon forr\u00e1sb\u00f3l minden, amire sz\u00fcks\u00e9g lehet<\/h3>\n<p>C\u00e9g\u00fcnk felszerelt minden olyan g\u00e9ppel \u00e9s berendez\u00e9ssel, amely n\u00e9lk\u00fcl\u00f6zhetetlen a prec\u00edz munk\u00e1latokhoz, mint eszterg\u00e1l\u00e1s, sorj\u00e1z\u00e1s, f\u0171r\u00e9szmunk\u00e1latok, csiszol\u00e1s, pr\u00e9sel\u00e9s, f\u00far\u00e1s vagy lyukaszt\u00e1s. Alkalmazottaink legjobb tud\u00e1suk szerint j\u00e1rnak el, fokozottan \u00fcgyelve a mai vil\u00e1gban fontos min\u0151s\u00e9gre. Ezen szolg\u00e1ltat\u00e1sunknak k\u00f6sz\u00f6nhet\u0151en egy olyan lehet\u0151s\u00e9get ny\u00fajtunk, amivel rengeteg id\u0151 sp\u00f3rolhat\u00f3 meg, illetve gyors\u00edthat\u00f3 fel a termel\u00e9s.[\/vc_column_text][\/vc_column][\/vc_row][vc_row][vc_column][vc_empty_space height=&#8221;30px&#8221;][\/vc_column][\/vc_row][vc_row][vc_column][vc_gallery type=&#8221;image_grid&#8221; images=&#8221;253,255,254&#8243;][\/vc_column][\/vc_row][vc_row el_class=&#8221;red-btn&#8221;][vc_column][vc_button title=&#8221;L\u00e9pjen vel\u00fcnk kapcsolatba&#8221; href=&#8221;https:\/\/ekuna.hu\/index.php\/contact\/&#8221;][\/vc_column][\/vc_row]<\/p>\n<\/div>","protected":false},"excerpt":{"rendered":"<p>[vc_row][vc_column][vc_column_text]Az apr\u00f3 alkatr\u00e9szek be\u00fcltet\u00e9s\u00e9n \u00e9s modulok \u00f6ssze\u00e1ll\u00edt\u00e1s\u00e1n t\u00fal, k\u00fcl\u00f6nb\u00f6z\u0151 anyagok megmunk\u00e1l\u00e1s\u00e1t is v\u00e9gezz\u00fck. &nbsp; Ugyanazon forr\u00e1sb\u00f3l minden, amire sz\u00fcks\u00e9g lehet C\u00e9g\u00fcnk felszerelt minden olyan g\u00e9ppel \u00e9s berendez\u00e9ssel, amely n\u00e9lk\u00fcl\u00f6zhetetlen a prec\u00edz munk\u00e1latokhoz, mint eszterg\u00e1l\u00e1s, sorj\u00e1z\u00e1s, f\u0171r\u00e9szmunk\u00e1latok, csiszol\u00e1s, pr\u00e9sel\u00e9s, f\u00far\u00e1s vagy lyukaszt\u00e1s. Alkalmazottaink legjobb tud\u00e1suk szerint j\u00e1rnak el, fokozottan \u00fcgyelve a mai vil\u00e1gban fontos min\u0151s\u00e9gre. Ezen [&hellip;]<\/p>\n","protected":false},"author":1,"featured_media":1180,"parent":1192,"menu_order":280,"comment_status":"closed","ping_status":"closed","template":"page-templates\/page-hu.php","meta":{"_monsterinsights_skip_tracking":false,"_monsterinsights_sitenote_active":false,"_monsterinsights_sitenote_note":"","_monsterinsights_sitenote_category":0,"footnotes":""},"_links":{"self":[{"href":"https:\/\/www.ekuna.hu\/index.php\/wp-json\/wp\/v2\/pages\/1179"}],"collection":[{"href":"https:\/\/www.ekuna.hu\/index.php\/wp-json\/wp\/v2\/pages"}],"about":[{"href":"https:\/\/www.ekuna.hu\/index.php\/wp-json\/wp\/v2\/types\/page"}],"author":[{"embeddable":true,"href":"https:\/\/www.ekuna.hu\/index.php\/wp-json\/wp\/v2\/users\/1"}],"replies":[{"embeddable":true,"href":"https:\/\/www.ekuna.hu\/index.php\/wp-json\/wp\/v2\/comments?post=1179"}],"version-history":[{"count":2,"href":"https:\/\/www.ekuna.hu\/index.php\/wp-json\/wp\/v2\/pages\/1179\/revisions"}],"predecessor-version":[{"id":1222,"href":"https:\/\/www.ekuna.hu\/index.php\/wp-json\/wp\/v2\/pages\/1179\/revisions\/1222"}],"up":[{"embeddable":true,"href":"https:\/\/www.ekuna.hu\/index.php\/wp-json\/wp\/v2\/pages\/1192"}],"wp:featuredmedia":[{"embeddable":true,"href":"https:\/\/www.ekuna.hu\/index.php\/wp-json\/wp\/v2\/media\/1180"}],"wp:attachment":[{"href":"https:\/\/www.ekuna.hu\/index.php\/wp-json\/wp\/v2\/media?parent=1179"}],"curies":[{"name":"wp","href":"https:\/\/api.w.org\/{rel}","templated":true}]}}