{"id":1181,"date":"2014-09-28T17:23:35","date_gmt":"2014-09-28T15:23:35","guid":{"rendered":"https:\/\/ekuna.hu\/index.php\/burn-in\/"},"modified":"2017-12-19T13:17:14","modified_gmt":"2017-12-19T11:17:14","slug":"burn-in","status":"publish","type":"page","link":"https:\/\/www.ekuna.hu\/index.php\/assembly-production\/burn-in\/","title":{"rendered":"Burn-in a hib\u00e1k kisz\u0171r\u00e9s\u00e9\u00e9rt"},"content":{"rendered":"<div class=\"wpb-content-wrapper\"><p>[vc_row][vc_column][vc_column_text]Olyan speci\u00e1lis m\u0171veletsor, amelynek l\u00e9nyege, hogy a PCB-t \u00e9s annak minden r\u00e9szegys\u00e9g\u00e9t a lehet\u0151s\u00e9gekhez k\u00e9pest maxim\u00e1lis terhel\u00e9s alatt tartja hossz\u00fa id\u0151n kereszt\u00fcl. Bizonyos hib\u00e1k nem \u00e1lland\u00f3an, hanem csak kis statisztikai val\u00f3sz\u00edn\u0171s\u00e9ggel jelentkeznek. A stresszteszt c\u00e9lja, hogy a norm\u00e1lis terhel\u00e9s t\u00f6bbsz\u00f6r\u00f6s\u00e9nek produk\u00e1l\u00e1s\u00e1val el\u0151seg\u00edtse az ilyen, a PCB komponensekben norm\u00e1l k\u00f6r\u00fclm\u00e9nyek k\u00f6z\u00f6tt csak igen ritk\u00e1n vagy kiz\u00e1r\u00f3lag az egys\u00e9gek teljes terhel\u00e9s\u00e9nek kihaszn\u00e1l\u00e1sa sor\u00e1n (pl. t\u00falmeleged\u00e9s miatt) jelentkez\u0151 hib\u00e1k, m\u0171k\u00f6d\u00e9si rendelleness\u00e9gek felder\u00edt\u00e9s\u00e9t a forgalomba hozatal, vagy a szolg\u00e1latba \u00e1ll\u00edt\u00e1s el\u0151tt.<\/p>\n<p>&nbsp;<\/p>\n<p>A rendelkez\u00e9s\u00fcnkre \u00e1ll\u00f3 600 literes h\u0151kamra -45\u00b0C \u00e9s +180\u00b0C k\u00f6z\u00f6tti h\u0151m\u00e9rs\u00e9klettartom\u00e1nyt k\u00e9pes lefedni. Tov\u00e1bb\u00e1 ez a kamra lehet\u0151v\u00e9 teszi a lakkozott PCB-k sz\u00e1r\u00edt\u00e1s\u00e1t is.<br \/>\n[\/vc_column_text][\/vc_column][\/vc_row][vc_row][vc_column][vc_empty_space height=&#8221;30px&#8221;][\/vc_column][\/vc_row][vc_row][vc_column][vc_gallery type=&#8221;image_grid&#8221; images=&#8221;259,260&#8243;][\/vc_column][\/vc_row][vc_row el_class=&#8221;red-btn&#8221;][vc_column][vc_button title=&#8221;L\u00e9pjen vel\u00fcnk kapcsolatba&#8221; href=&#8221;https:\/\/ekuna.hu\/index.php\/contact\/&#8221;][\/vc_column][\/vc_row]<\/p>\n<\/div>","protected":false},"excerpt":{"rendered":"<p>[vc_row][vc_column][vc_column_text]Olyan speci\u00e1lis m\u0171veletsor, amelynek l\u00e9nyege, hogy a PCB-t \u00e9s annak minden r\u00e9szegys\u00e9g\u00e9t a lehet\u0151s\u00e9gekhez k\u00e9pest maxim\u00e1lis terhel\u00e9s alatt tartja hossz\u00fa id\u0151n kereszt\u00fcl. Bizonyos hib\u00e1k nem \u00e1lland\u00f3an, hanem csak kis statisztikai val\u00f3sz\u00edn\u0171s\u00e9ggel jelentkeznek. A stresszteszt c\u00e9lja, hogy a norm\u00e1lis terhel\u00e9s t\u00f6bbsz\u00f6r\u00f6s\u00e9nek produk\u00e1l\u00e1s\u00e1val el\u0151seg\u00edtse az ilyen, a PCB komponensekben norm\u00e1l k\u00f6r\u00fclm\u00e9nyek k\u00f6z\u00f6tt csak igen ritk\u00e1n vagy kiz\u00e1r\u00f3lag [&hellip;]<\/p>\n","protected":false},"author":1,"featured_media":1182,"parent":1192,"menu_order":290,"comment_status":"closed","ping_status":"closed","template":"page-templates\/page-hu.php","meta":{"_monsterinsights_skip_tracking":false,"_monsterinsights_sitenote_active":false,"_monsterinsights_sitenote_note":"","_monsterinsights_sitenote_category":0,"footnotes":""},"_links":{"self":[{"href":"https:\/\/www.ekuna.hu\/index.php\/wp-json\/wp\/v2\/pages\/1181"}],"collection":[{"href":"https:\/\/www.ekuna.hu\/index.php\/wp-json\/wp\/v2\/pages"}],"about":[{"href":"https:\/\/www.ekuna.hu\/index.php\/wp-json\/wp\/v2\/types\/page"}],"author":[{"embeddable":true,"href":"https:\/\/www.ekuna.hu\/index.php\/wp-json\/wp\/v2\/users\/1"}],"replies":[{"embeddable":true,"href":"https:\/\/www.ekuna.hu\/index.php\/wp-json\/wp\/v2\/comments?post=1181"}],"version-history":[{"count":2,"href":"https:\/\/www.ekuna.hu\/index.php\/wp-json\/wp\/v2\/pages\/1181\/revisions"}],"predecessor-version":[{"id":1225,"href":"https:\/\/www.ekuna.hu\/index.php\/wp-json\/wp\/v2\/pages\/1181\/revisions\/1225"}],"up":[{"embeddable":true,"href":"https:\/\/www.ekuna.hu\/index.php\/wp-json\/wp\/v2\/pages\/1192"}],"wp:featuredmedia":[{"embeddable":true,"href":"https:\/\/www.ekuna.hu\/index.php\/wp-json\/wp\/v2\/media\/1182"}],"wp:attachment":[{"href":"https:\/\/www.ekuna.hu\/index.php\/wp-json\/wp\/v2\/media?parent=1181"}],"curies":[{"name":"wp","href":"https:\/\/api.w.org\/{rel}","templated":true}]}}