{"id":1185,"date":"2014-09-29T18:51:47","date_gmt":"2014-09-29T16:51:47","guid":{"rendered":"https:\/\/ekuna.hu\/index.php\/brief-portrait\/"},"modified":"2021-01-07T23:19:56","modified_gmt":"2021-01-07T21:19:56","slug":"brief-portrait","status":"publish","type":"page","link":"https:\/\/www.ekuna.hu\/index.php\/brief-portrait\/","title":{"rendered":"Bemutatkozik az Ekuna Kft."},"content":{"rendered":"<div class=\"wpb-content-wrapper\"><p>[vc_row][vc_column][vc_column_text]A kft. f\u0151 profilja elektronikai alkatr\u00e9szek, r\u00e9szegys\u00e9gek \u00f6sszeszerel\u00e9se. Jellemz\u0151en aut\u00f3ipari, orvostechnikai, ipari elektronikai \u00e9s h\u00e1ztart\u00e1stechnikai berendez\u00e9sekhez gy\u00e1rt r\u00e9szegys\u00e9geket.<br \/>\nA c\u00e9g k\u00f6zel 25 \u00e9ve m\u0171k\u00f6dik, elektronikai alkatr\u00e9szek \u00f6sszeszerel\u00e9s\u00e9t v\u00e9gzi. A termel\u00e9si folyamatok egy r\u00e9sze nagy precizit\u00e1s\u00fa k\u00e9zi munk\u00e1val t\u00f6rt\u00e9nik. Fenn\u00e1ll\u00e1sa alatt folyamatos fejleszt\u00e9seket, beruh\u00e1z\u00e1sokat hajtott v\u00e9gre, mely tov\u00e1bbi alkalmazotti l\u00e9tsz\u00e1mn\u00f6veked\u00e9st induk\u00e1lt. Az Ekuna Kft. egyik alapfiloz\u00f3fi\u00e1ja a megrendel\u0151i ig\u00e9nyek min\u00e9l magasabb szint\u0171 kiel\u00e9g\u00edt\u00e9se, az ennek \u00e9rdek\u00e9ben tan\u00fas\u00edtott rugalmass\u00e1g mellett h\u0171ek maradtunk elveinkhez a min\u0151s\u00e9g ter\u00e9n is. Idejekor\u00e1n meg\u00e9rtett\u00fck, hogy a megb\u00edzhat\u00f3 m\u0171k\u00f6d\u00e9s \u00e9rdek\u00e9ben a min\u0151s\u00e9gbiztos\u00edt\u00e1st is be kell vezetni a gy\u00e1rt\u00e1sba, term\u00e9keink megfelelnek az ISO szabv\u00e1nynak.[\/vc_column_text][\/vc_column][\/vc_row][vc_row][vc_column css=&#8221;.vc_custom_1610054367459{padding-top: 30px !important;}&#8221;][vc_column_text]<\/p>\n<h3>Az Ekuna fejl\u0151d\u00e9se \u00e9s szerepe<\/h3>\n<p>A c\u00e9g alap\u00edt\u00e1sa \u00f3ta D\u00e9vav\u00e1ny\u00e1n m\u0171k\u00f6d\u0151 ipari v\u00e1llalkoz\u00e1s. 1993-ban alakult, gazdas\u00e1gi form\u00e1ja ekkor Bt. volt . Fejl\u0151d\u00e9se folyam\u00e1n sz\u00fcks\u00e9gess\u00e9 v\u00e1lt a m\u0171k\u00f6d\u00e9si szerkezet kereteinek \u00e1talak\u00edt\u00e1sa, \u00edgy 1997. janu\u00e1rban Kft-v\u00e9 alakult, az Ekuna Bt. teljes jogut\u00f3djak\u00e9nt. A t\u00e1rsas\u00e1g f\u0151 tev\u00e9kenys\u00e9ge elektronikai alkatr\u00e9szek \u00f6sszeszerel\u00e9se, mely az aut\u00f3ipart\u00f3l a vez\u00e9rl\u00e9stechnik\u00e1ig k\u00f6zel 80 fajta r\u00e9szegys\u00e9get foglal mag\u00e1ba. Az Ekuna Kft. egyike azon ipari termel\u0151 v\u00e1llalkoz\u00e1soknak, mely a rendszerv\u00e1lt\u00e1st k\u00f6vet\u0151en, piaci alapokra, a tulajdonosok anyagi hozz\u00e1j\u00e1rul\u00e1s\u00e1val j\u00f6tt l\u00e9tre. Bizony\u00edtotta az elm\u00falt \u00e9vekben l\u00e9tjogosults\u00e1g\u00e1t, munkahelyeket teremtett, komoly piaci megrendel\u00e9seket kapott. A v\u00e1llalat fokozatosan fejleszt\u00e9seket hajtott v\u00e9gre a technol\u00f3giai korszer\u0171s\u00edt\u00e9sek ter\u00fclet\u00e9n. A kezdeti egyszer\u0171 k\u00e9zi m\u0171veleteket folyamatosan felv\u00e1ltott\u00e1k a g\u00e9pi m\u0171veletek. A hull\u00e1mforraszt\u00f3g\u00e9p lehet\u0151v\u00e9 tette a nyomtatott \u00e1ramk\u00f6r\u00f6k gyors, automatiz\u00e1lt forraszt\u00e1s\u00e1t. A munkal\u00e9p\u00e9sek fokozatosan b\u0151v\u00fcltek, alkalmaztuk t\u00f6bbek k\u00f6z\u00f6tt a sz\u00e1m\u00edt\u00f3g\u00e9pes elektronikus tesztel\u00e9seket is. A c\u00e9g \u00e9p\u00fclet\u00e9nek b\u0151v\u00edt\u00e9se els\u0151 \u00edzben 1994-ben t\u00f6rt\u00e9nt meg, mely az alkalmazotti l\u00e9tsz\u00e1m n\u00f6veked\u00e9s\u00e9t is eredm\u00e9nyezte. V\u00e1llalatunk kapacit\u00e1sa folyamatosan n\u0151tt. A rohaml\u00e9ptekben fejl\u0151d\u0151 elektronikai ipar\u00e1g r\u00e9v\u00e9n elengedhetetlen volt a korszer\u0171 technol\u00f3gia alkalmaz\u00e1sa. A m\u00e1sodik nagy b\u0151v\u00edt\u00e9s 1996-1997-ben t\u00f6rt\u00e9nt meg, mely rakt\u00e1r \u2013 \u00e9s termel\u00e9si kapacit\u00e1sunk kihaszn\u00e1l\u00e1s\u00e1t eredm\u00e9nyezte. A folyamatos min\u0151s\u00e9gi ellen\u0151rz\u00e9s , az ISO 9001:2015 min\u0151s\u00e9gbiztos\u00edt\u00e1si elv\u00e1r\u00e1soknak val\u00f3 megfelel\u00e9s, a c\u00e9g \u00e1ltal k\u00e9pzett, betan\u00edtott munkaer\u0151 biztos\u00edtja a megfelel\u0151 min\u0151s\u00e9get valamint a rugalmas sz\u00e1ll\u00edt\u00e1si hat\u00e1rid\u0151ket. 2002-ben vezett\u00fck be a mindennapi haszn\u00e1latba az ABAS Integr\u00e1lt V\u00e1llalatir\u00e1ny\u00edt\u00e1si Rendszert, mely egyszerre kezeli a v\u00e1llalati, megrendel\u0151i \u00e9s besz\u00e1ll\u00edt\u00f3i adatokat. 2005-ben \u00f3lommentes forraszt\u00e1sra t\u00e9rt\u00fcnk \u00e1t, ehhez egy nitrog\u00e9n-v\u00e9d\u0151g\u00e1zas hull\u00e1mforraszt\u00f3g\u00e9pet helyezt\u00fcnk \u00fczembe. A k\u00e9zi forraszt\u00f3\u00e1llom\u00e1sok lecser\u00e9l\u0151dtek, eleget t\u00e9ve az \u00e1lland\u00f3an fejl\u0151d\u0151 \u00e9s v\u00e1ltoz\u00f3 technol\u00f3giai v\u00e1ltoz\u00e1soknak. 2006-ban automata lakkoz\u00f3g\u00e9p be\u00fczemel\u00e9s\u00e9re is sor ker\u00fclt, alkalmass\u00e1 t\u00e9ve a nyomtatott \u00e1ramk\u00f6r\u00f6k szelekt\u00edv v\u00e9d\u0151lakkoz\u00e1s\u00e1t. 2008-ban az \u00fajabb piaci megrendel\u00e9sek n\u00f6veked\u00e9s\u00e9nek hat\u00e1s\u00e1ra tov\u00e1bbi 1000 m2-es termel\u00e9si egys\u00e9ggel valamint rakt\u00e1rr\u00e9sszel b\u0151v\u00fclt az \u00fczem.[\/vc_column_text][\/vc_column][\/vc_row][vc_row el_class=&#8221;red-btn&#8221;][vc_column][vc_button title=&#8221;L\u00e9pjen vel\u00fcnk kapcsolatba&#8221; href=&#8221;https:\/\/ekuna.hu\/index.php\/contact\/&#8221;][\/vc_column][\/vc_row]<\/p>\n<\/div>","protected":false},"excerpt":{"rendered":"<p>[vc_row][vc_column][vc_column_text]A kft. f\u0151 profilja elektronikai alkatr\u00e9szek, r\u00e9szegys\u00e9gek \u00f6sszeszerel\u00e9se. Jellemz\u0151en aut\u00f3ipari, orvostechnikai, ipari elektronikai \u00e9s h\u00e1ztart\u00e1stechnikai berendez\u00e9sekhez gy\u00e1rt r\u00e9szegys\u00e9geket. A c\u00e9g k\u00f6zel 25 \u00e9ve m\u0171k\u00f6dik, elektronikai alkatr\u00e9szek \u00f6sszeszerel\u00e9s\u00e9t v\u00e9gzi. A termel\u00e9si folyamatok egy r\u00e9sze nagy precizit\u00e1s\u00fa k\u00e9zi munk\u00e1val t\u00f6rt\u00e9nik. Fenn\u00e1ll\u00e1sa alatt folyamatos fejleszt\u00e9seket, beruh\u00e1z\u00e1sokat hajtott v\u00e9gre, mely tov\u00e1bbi alkalmazotti l\u00e9tsz\u00e1mn\u00f6veked\u00e9st induk\u00e1lt. Az Ekuna Kft. egyik alapfiloz\u00f3fi\u00e1ja [&hellip;]<\/p>\n","protected":false},"author":1,"featured_media":0,"parent":0,"menu_order":510,"comment_status":"closed","ping_status":"closed","template":"page-templates\/page-hu.php","meta":{"_monsterinsights_skip_tracking":false,"_monsterinsights_sitenote_active":false,"_monsterinsights_sitenote_note":"","_monsterinsights_sitenote_category":0,"footnotes":""},"_links":{"self":[{"href":"https:\/\/www.ekuna.hu\/index.php\/wp-json\/wp\/v2\/pages\/1185"}],"collection":[{"href":"https:\/\/www.ekuna.hu\/index.php\/wp-json\/wp\/v2\/pages"}],"about":[{"href":"https:\/\/www.ekuna.hu\/index.php\/wp-json\/wp\/v2\/types\/page"}],"author":[{"embeddable":true,"href":"https:\/\/www.ekuna.hu\/index.php\/wp-json\/wp\/v2\/users\/1"}],"replies":[{"embeddable":true,"href":"https:\/\/www.ekuna.hu\/index.php\/wp-json\/wp\/v2\/comments?post=1185"}],"version-history":[{"count":5,"href":"https:\/\/www.ekuna.hu\/index.php\/wp-json\/wp\/v2\/pages\/1185\/revisions"}],"predecessor-version":[{"id":1397,"href":"https:\/\/www.ekuna.hu\/index.php\/wp-json\/wp\/v2\/pages\/1185\/revisions\/1397"}],"wp:attachment":[{"href":"https:\/\/www.ekuna.hu\/index.php\/wp-json\/wp\/v2\/media?parent=1185"}],"curies":[{"name":"wp","href":"https:\/\/api.w.org\/{rel}","templated":true}]}}