{"id":1190,"date":"2014-09-28T14:25:04","date_gmt":"2014-09-28T12:25:04","guid":{"rendered":"https:\/\/ekuna.hu\/index.php\/imprint\/"},"modified":"2023-03-20T22:45:26","modified_gmt":"2023-03-20T20:45:26","slug":"imprint","status":"publish","type":"page","link":"https:\/\/www.ekuna.hu\/index.php\/imprint\/","title":{"rendered":"Impresszum"},"content":{"rendered":"<div class=\"wpb-content-wrapper\"><p>[vc_row][vc_column][vc_column_text]A honlap tartalm\u00e1\u00e9rt felel\u0151s:<\/p>\n<p>&nbsp;<\/p>\n<p>Ekuna Szolg\u00e1ltat\u00f3 &#8211; Gy\u00e1rt\u00f3 &#8211; Kereskedelmi Kft.<br \/>\nJ\u00e9ggy\u00e1r u. 1.<br \/>\n5510 D\u00e9vav\u00e1nya<br \/>\nMagyarorsz\u00e1g<\/p>\n<p>&nbsp;<\/p>\n<p>\u00dcgyvezet\u0151: L\u00e1szl\u00f3 Ugrai<\/p>\n<p>&nbsp;<\/p>\n<p>Ad\u00f3sz\u00e1m: HU 11056713<\/p>\n<p>&nbsp;<\/p>\n<p>Tel. +36 66 484 739<br \/>\nFax +36 66 585 051<br \/>\ninfo@ekuna.hu[\/vc_column_text][\/vc_column][\/vc_row]<\/p>\n<\/div>","protected":false},"excerpt":{"rendered":"<p>[vc_row][vc_column][vc_column_text]A honlap tartalm\u00e1\u00e9rt felel\u0151s: &nbsp; Ekuna Szolg\u00e1ltat\u00f3 &#8211; Gy\u00e1rt\u00f3 &#8211; Kereskedelmi Kft. J\u00e9ggy\u00e1r u. 1. 5510 D\u00e9vav\u00e1nya Magyarorsz\u00e1g &nbsp; \u00dcgyvezet\u0151: L\u00e1szl\u00f3 Ugrai &nbsp; Ad\u00f3sz\u00e1m: HU 11056713 &nbsp; Tel. +36 66 484 739 Fax +36 66 585 051 info@ekuna.hu[\/vc_column_text][\/vc_column][\/vc_row]<\/p>\n","protected":false},"author":1,"featured_media":0,"parent":0,"menu_order":700,"comment_status":"closed","ping_status":"open","template":"page-templates\/page-hu.php","meta":{"_monsterinsights_skip_tracking":false,"_monsterinsights_sitenote_active":false,"_monsterinsights_sitenote_note":"","_monsterinsights_sitenote_category":0,"footnotes":""},"_links":{"self":[{"href":"https:\/\/www.ekuna.hu\/index.php\/wp-json\/wp\/v2\/pages\/1190"}],"collection":[{"href":"https:\/\/www.ekuna.hu\/index.php\/wp-json\/wp\/v2\/pages"}],"about":[{"href":"https:\/\/www.ekuna.hu\/index.php\/wp-json\/wp\/v2\/types\/page"}],"author":[{"embeddable":true,"href":"https:\/\/www.ekuna.hu\/index.php\/wp-json\/wp\/v2\/users\/1"}],"replies":[{"embeddable":true,"href":"https:\/\/www.ekuna.hu\/index.php\/wp-json\/wp\/v2\/comments?post=1190"}],"version-history":[{"count":5,"href":"https:\/\/www.ekuna.hu\/index.php\/wp-json\/wp\/v2\/pages\/1190\/revisions"}],"predecessor-version":[{"id":1419,"href":"https:\/\/www.ekuna.hu\/index.php\/wp-json\/wp\/v2\/pages\/1190\/revisions\/1419"}],"wp:attachment":[{"href":"https:\/\/www.ekuna.hu\/index.php\/wp-json\/wp\/v2\/media?parent=1190"}],"curies":[{"name":"wp","href":"https:\/\/api.w.org\/{rel}","templated":true}]}}