{"id":1191,"date":"2014-09-28T17:25:17","date_gmt":"2014-09-28T15:25:17","guid":{"rendered":"https:\/\/ekuna.hu\/index.php\/data-protection\/"},"modified":"2017-12-20T12:04:05","modified_gmt":"2017-12-20T10:04:05","slug":"data-protection","status":"publish","type":"page","link":"https:\/\/www.ekuna.hu\/index.php\/data-protection\/","title":{"rendered":"Adatv\u00e9delem"},"content":{"rendered":"<div class=\"wpb-content-wrapper\"><p>[vc_row][vc_column][vc_column_text]<strong>Adatv\u00e9delmi ir\u00e1nyelvek<\/strong><\/p>\n<p>&nbsp;<\/p>\n<p>Megfelel\u00fcnk az adatv\u00e9delmi t\u00f6rv\u00e9ny (BDSG), a Telemedia Act (TMG) \u00e9s m\u00e1s adatv\u00e9delmi el\u0151\u00edr\u00e1sok t\u00f6rv\u00e9nyes rendelkez\u00e9seinek.<\/p>\n<p>&nbsp;<\/p>\n<p>Az adatv\u00e9delem t\u00e1rgya<\/p>\n<p>A szem\u00e9lyes adatok a 3. 1 BDSG egyedi inform\u00e1ci\u00f3i egy konkr\u00e9t vagy azonos\u00edthat\u00f3 term\u00e9szetes szem\u00e9ly szem\u00e9lyes vagy anyagi k\u00f6r\u00fclm\u00e9nyeir\u0151l, mint n\u00e9v, postac\u00edm, telefonsz\u00e1m, e-mail c\u00edm, de az olyan haszn\u00e1lati adatok is, mint az IP-c\u00edm. Az olyan inform\u00e1ci\u00f3k, amelyek nem kapcsol\u00f3dhatnak k\u00f6zvetlen\u00fcl egy felhaszn\u00e1l\u00f3 szem\u00e9ly\u00e9hez, p\u00e9ld\u00e1ul egy adott id\u0151szakban a weboldal l\u00e1togat\u00f3inak sz\u00e1ma, nem szem\u00e9lyes adatok.<\/p>\n<p>&nbsp;<\/p>\n<p>Az \u00d6n \u00e1ltal megadott adatok (e-mail \u00e9s kapcsolatfelv\u00e9teli \u0171rlapok)<\/p>\n<p>A vizsg\u00e1latok \u00e9s az \u00f6sszehangol\u00e1s sz\u00fcks\u00e9ges feldolgoz\u00e1s\u00e1hoz \u00e9s t\u00e1rol\u00e1s\u00e1hoz az \u00e1ltalunk e-mailben vagy kapcsolattart\u00e1si form\u00e1ban elk\u00fcld\u00f6tt adatokat elfogadjuk \u00e9s feldolgozzuk, \u00edgy az adatv\u00e9delmi t\u00f6rv\u00e9ny rendelkez\u00e9seivel \u00f6sszhangban kezelj\u00fck \u00e9s v\u00e9dj\u00fck adatait. Megjegyz\u00e9s: Az adatok biztons\u00e1gos biztos\u00edt\u00e1sa az interneten kereszt\u00fcl enged\u00e9lyezheti harmadik felek sz\u00e1m\u00e1ra ezen adatokhoz val\u00f3 hozz\u00e1f\u00e9r\u00e9st vagy m\u00f3dos\u00edt\u00e1sukat.<\/p>\n<p>&nbsp;<\/p>\n<p>Automatikusan gy\u0171jt\u00f6tt adatok (haszn\u00e1lati adatok \u00e9s cookie-k)<\/p>\n<p>A felhaszn\u00e1l\u00f3 szem\u00e9lyazonos\u00edt\u00e1sa n\u00e9lk\u00fcl r\u00f6gz\u00edtj\u00fck \u00e9s mentj\u00fck az oldalon azt, hogy honnan \u00e9rte el webhely\u00fcnket, valamint a d\u00e1tumot \u00e9s az id\u0151t az optimaliz\u00e1l\u00e1s \u00e9rdek\u00e9ben. Ha \u00e1ln\u00e9v felhaszn\u00e1l\u00f3i profilokat hozunk l\u00e9tre, akkor sem azonos\u00edtunk az \u00e1ln\u00e9v \u00e9s a m\u00f6g\u00f6tte \u00e1ll\u00f3 term\u00e9szetes szem\u00e9ly k\u00f6z\u00f6tt \u00f6sszef\u00fcgg\u00e9st.<\/p>\n<p>&nbsp;<\/p>\n<p>Cookie-kat haszn\u00e1lunk a haszn\u00e1lati adatok gy\u0171jt\u00e9s\u00e9re \u00e9s t\u00e1rol\u00e1s\u00e1ra. Ezek a kis f\u00e1jlok, amelyek a sz\u00e1m\u00edt\u00f3g\u00e9pen t\u00e1rol\u00f3dnak, \u00e9s olyan statisztikai adatokat t\u00e1rolnak, mint az oper\u00e1ci\u00f3s rendszer, az internetes felhaszn\u00e1l\u00f3i program (b\u00f6ng\u00e9sz\u0151), az IP-c\u00edm, a kor\u00e1bban megl\u00e1togatott weboldal (hivatkoz\u00f3 URL) \u00e9s az id\u0151. Az adatokat kiz\u00e1r\u00f3lag statisztikai c\u00e9lokra gy\u0171jtj\u00fck, hogy tov\u00e1bb optimalizhassuk honlapunkat, \u00e9s m\u00e9g vonz\u00f3bb\u00e1 tehess\u00fck oldalunkat. A gy\u0171jt\u00e9s \u00e9s t\u00e1rol\u00e1s kiz\u00e1r\u00f3lag n\u00e9vtelen vagy pszeudonim form\u00e1ban t\u00f6rt\u00e9nik, \u00e9s nem tesz lehet\u0151v\u00e9 semmilyen k\u00f6vetkeztet\u00e9st term\u00e9szetes szem\u00e9lyk\u00e9nt.<\/p>\n<p>&nbsp;<\/p>\n<p>A cookie-k nem teszik k\u00f6zz\u00e9 vagy tartalmaznak semmilyen szem\u00e9lyes adatot. A cookie-k nem tudj\u00e1k elolvasni a sz\u00e1m\u00edt\u00f3g\u00e9p adatait, vagy nem tudnak kommunik\u00e1lni m\u00e1s cookie-kkal. Azonban a cookie-k lehet\u0151v\u00e9 teszik sz\u00e1munkra, hogy k\u00e9s\u0151bb felkeress\u00fck \u00d6nt weboldalunkon. Ha nem szeretn\u00e9, hogy a b\u00f6ng\u00e9sz\u0151je elfogadja a cookie-kat, akkor letilthatja ezt a lehet\u0151s\u00e9get a b\u00f6ng\u00e9sz\u0151 be\u00e1ll\u00edt\u00e1saiban. Fontos megjegyezni, hogy a cookie funkci\u00f3 kikapcsol\u00e1sa befoly\u00e1solhatja a weboldal megfelel\u0151 m\u0171k\u00f6d\u00e9s\u00e9t. Nem biztos, hogy hozz\u00e1f\u00e9rhet a webhely \u00f6sszes funkci\u00f3j\u00e1hoz \u00e9s inform\u00e1ci\u00f3hoz.<\/p>\n<p>&nbsp;<\/p>\n<p>A Google Analytics haszn\u00e1lata<\/p>\n<p>Ezen a weboldalon a Google Inc. \u00e1ltal haszn\u00e1lt, a Google Inc. (&#8222;Google&#8221;) webes elemz\u00e9si szolg\u00e1ltat\u00e1s\u00e1t haszn\u00e1ljuk, amely az \u00fagynevezett &#8222;cookie-kat&#8221; haszn\u00e1lja. A cookie-k a sz\u00e1m\u00edt\u00f3g\u00e9pen t\u00e1rolt kis f\u00e1jlok, amelyek lehet\u0151v\u00e9 teszik weboldalunk haszn\u00e1lat\u00e1nak elemz\u00e9s\u00e9t.<\/p>\n<p>&nbsp;<\/p>\n<p>A weboldalunk haszn\u00e1lat\u00e1val kapcsolatos inform\u00e1ci\u00f3kat \u00e1ltal\u00e1ban a cookie tov\u00e1bb\u00edtja az Egyes\u00fclt \u00c1llamokban l\u00e9v\u0151 kiszolg\u00e1l\u00f3knak, \u00e9s \u00e9rt\u00e9keli ott, hogy a Google a weboldal tev\u00e9kenys\u00e9geir\u0151l \u00e9s internethaszn\u00e1lat\u00e1r\u00f3l jelent\u00e9seket k\u00e9sz\u00edthessen a weboldal \u00fczemeltet\u0151j\u00e9nek, \u00e9s m\u00e1s kapcsol\u00f3d\u00f3 szolg\u00e1ltat\u00e1sokat ny\u00fajtson. A b\u00f6ng\u00e9sz\u0151nek a Google Analyticshez tov\u00e1bb\u00edtott IP-c\u00edme nem lesz \u00f6sszevonva m\u00e1s Google-adatokkal.<\/p>\n<p>&nbsp;<\/p>\n<p>Lehet\u0151s\u00e9ge van a b\u00f6ng\u00e9sz\u0151 be\u00e1ll\u00edt\u00e1saiban letiltani a cookie-k t\u00e1rol\u00e1s\u00e1nak funkci\u00f3j\u00e1t. Ez azonban korl\u00e1tozhatja ezt \u00e9s m\u00e1s webhelyeket a m\u0171k\u00f6d\u00e9s\u00fckben. Megakad\u00e1lyozhatja, hogy k\u00f6zvetlen\u00fcl \u00e9szlelje weboldalunk az IP-c\u00edm haszn\u00e1lat\u00e1t a Google Analytics cookie seg\u00edts\u00e9g\u00e9vel, ha telep\u00edt egy olyan plug-in-t, amely let\u00f6lthet\u0151 a k\u00f6vetkez\u0151 webhelyr\u0151l:<br \/>\n<a title=\"Opt-out Google-Analytics\" href=\"https:\/\/tools.google.com\/dlpage\/gaoptout\/index.html?hl=de\" target=\"_blank\" rel=\"noopener\">https:\/\/tools.google.com\/dlpage\/gaoptout\/index.html?hl=de<\/a><\/p>\n<p>&nbsp;<\/p>\n<p>Az IP-maszk m\u00f3dszer haszn\u00e1lat\u00e1val a Google Analytics szolg\u00e1ltat\u00e1sban csak IP-c\u00edm\u00fcnk egy r\u00e9sz\u00e9t haszn\u00e1ljuk. Mindazon\u00e1ltal szeretn\u00e9nk r\u00e1mutatni arra, hogy a webhelytulajdonosok \u00e1ltal\u00e1ban hozz\u00e1f\u00e9rnek a webhely\u00fck l\u00e1togat\u00f3inak IP-c\u00edm\u00e9hez, tekintet n\u00e9lk\u00fcl a Google Analytics haszn\u00e1lat\u00e1ra.<\/p>\n<p>&nbsp;<\/p>\n<p>Adatfeldolgoz\u00e1s<\/p>\n<p>Az \u00d6n szem\u00e9lyes adatait csak az \u00d6n \u00e1ltal rendelkez\u00e9s\u00fcnkre \u00e1ll\u00edtott c\u00e9lokra dolgozzuk fel. A szem\u00e9lyes adatok harmadik szem\u00e9lyeknek t\u00f6rt\u00e9n\u0151 \u00e1tad\u00e1sa nem t\u00f6rt\u00e9nik meg az \u00d6n hozz\u00e1j\u00e1rul\u00e1sa n\u00e9lk\u00fcl, kiv\u00e9ve, ha ez a szolg\u00e1ltat\u00e1s ny\u00fajt\u00e1s\u00e1hoz vagy a szerz\u0151d\u00e9s teljes\u00edt\u00e9s\u00e9hez sz\u00fcks\u00e9ges. Az adatoknak a t\u00e1j\u00e9koztat\u00e1sra jogosult \u00e1llami int\u00e9zm\u00e9nyekre \u00e9s hat\u00f3s\u00e1gokra t\u00f6rt\u00e9n\u0151 \u00e1truh\u00e1z\u00e1sa csak a jogszab\u00e1lyban el\u0151\u00edrt t\u00e1j\u00e9koztat\u00e1si k\u00f6telezetts\u00e9gek vagy az inform\u00e1ci\u00f3szolg\u00e1ltat\u00e1sra k\u00f6telezett b\u00edr\u00f3s\u00e1gi hat\u00e1rozat keret\u00e9ben t\u00f6rt\u00e9nik. Munkat\u00e1rsaink \u00e9s megb\u00edzott szolg\u00e1ltat\u00f3 c\u00e9geink k\u00f6telesek a titkoss\u00e1got fenntartani \u00e9s az adatv\u00e9delmi szab\u00e1lyokat betartani.<\/p>\n<p>&nbsp;<\/p>\n<p>Inform\u00e1ci\u00f3 \u00e9s t\u00f6rl\u00e9si jog<\/p>\n<p>Amennyiben \u00d6n beleegyezett az adatok felhaszn\u00e1l\u00e1s\u00e1ba, b\u00e1rmikor visszautas\u00edthatja ezt a hozz\u00e1j\u00e1rul\u00e1st indokl\u00e1s n\u00e9lk\u00fcl. Az \u00f6sszegy\u0171jt\u00f6tt adatok b\u00e1rmikor blokkolhat\u00f3k, korrig\u00e1lhat\u00f3k vagy t\u00f6r\u00f6lhet\u0151k. Ha b\u00e1rmilyen k\u00e9rd\u00e9se van az adatv\u00e9delmi ir\u00e1nyelvekkel \u00e9s a szem\u00e9lyes adatainak feldolgoz\u00e1s\u00e1val kapcsolatban, l\u00e9pjen kapcsoaltba a weboldal felel\u0151s \u00fczemeltet\u0151j\u00e9vel, melynek el\u00e9rhet\u0151s\u00e9g\u00e9t megtal\u00e1lhatja az impresszum men\u00fcpontban.<\/p>\n<p>&nbsp;<\/p>\n<p>Hivatkoz\u00e1sok harmadik felek k\u00fcls\u0151 weboldalaira<\/p>\n<p>Olyan k\u00fcls\u0151 harmadik felek weboldalaira mutat\u00f3 linkeket tartunk fenn, amelyek tartalm\u00e1ra nincs befoly\u00e1sunk. Az adott szolg\u00e1ltat\u00f3 felel\u0151s a kapcsol\u00f3d\u00f3 oldalak k\u00fcls\u0151 tartalm\u00e1\u00e9rt, ez\u00e9rt nem v\u00e1llalunk felel\u0151ss\u00e9get. A linkelt oldalak lehets\u00e9ges jogellenes tartalm\u00e1nak ellen\u0151rz\u00e9se a linkel\u00e9s el\u0151tt megt\u00f6rt\u00e9nt. Amennyiben a linkelt oldalra jogs\u00e9rt\u00e9sr\u0151l sz\u00f3l\u00f3 \u00e9rtes\u00edt\u00e9s vagy bizony\u00edt\u00e9k \u00e9rkezik, ezesetben az ilyen linkeket azonnal elt\u00e1vol\u00edtjuk.[\/vc_column_text][\/vc_column][\/vc_row]<\/p>\n<\/div>","protected":false},"excerpt":{"rendered":"<p>[vc_row][vc_column][vc_column_text]Adatv\u00e9delmi ir\u00e1nyelvek &nbsp; Megfelel\u00fcnk az adatv\u00e9delmi t\u00f6rv\u00e9ny (BDSG), a Telemedia Act (TMG) \u00e9s m\u00e1s adatv\u00e9delmi el\u0151\u00edr\u00e1sok t\u00f6rv\u00e9nyes rendelkez\u00e9seinek. &nbsp; Az adatv\u00e9delem t\u00e1rgya A szem\u00e9lyes adatok a 3. 1 BDSG egyedi inform\u00e1ci\u00f3i egy konkr\u00e9t vagy azonos\u00edthat\u00f3 term\u00e9szetes szem\u00e9ly szem\u00e9lyes vagy anyagi k\u00f6r\u00fclm\u00e9nyeir\u0151l, mint n\u00e9v, postac\u00edm, telefonsz\u00e1m, e-mail c\u00edm, de az olyan haszn\u00e1lati adatok is, mint az [&hellip;]<\/p>\n","protected":false},"author":1,"featured_media":0,"parent":0,"menu_order":800,"comment_status":"closed","ping_status":"open","template":"page-templates\/page-hu.php","meta":{"_monsterinsights_skip_tracking":false,"_monsterinsights_sitenote_active":false,"_monsterinsights_sitenote_note":"","_monsterinsights_sitenote_category":0,"footnotes":""},"_links":{"self":[{"href":"https:\/\/www.ekuna.hu\/index.php\/wp-json\/wp\/v2\/pages\/1191"}],"collection":[{"href":"https:\/\/www.ekuna.hu\/index.php\/wp-json\/wp\/v2\/pages"}],"about":[{"href":"https:\/\/www.ekuna.hu\/index.php\/wp-json\/wp\/v2\/types\/page"}],"author":[{"embeddable":true,"href":"https:\/\/www.ekuna.hu\/index.php\/wp-json\/wp\/v2\/users\/1"}],"replies":[{"embeddable":true,"href":"https:\/\/www.ekuna.hu\/index.php\/wp-json\/wp\/v2\/comments?post=1191"}],"version-history":[{"count":3,"href":"https:\/\/www.ekuna.hu\/index.php\/wp-json\/wp\/v2\/pages\/1191\/revisions"}],"predecessor-version":[{"id":1353,"href":"https:\/\/www.ekuna.hu\/index.php\/wp-json\/wp\/v2\/pages\/1191\/revisions\/1353"}],"wp:attachment":[{"href":"https:\/\/www.ekuna.hu\/index.php\/wp-json\/wp\/v2\/media?parent=1191"}],"curies":[{"name":"wp","href":"https:\/\/api.w.org\/{rel}","templated":true}]}}