{"id":1360,"date":"2018-01-16T12:50:39","date_gmt":"2018-01-16T10:50:39","guid":{"rendered":"https:\/\/ekuna.hu\/index.php\/conveying-funds\/"},"modified":"2024-10-14T16:44:12","modified_gmt":"2024-10-14T14:44:12","slug":"conveying-funds","status":"publish","type":"page","link":"https:\/\/www.ekuna.hu\/index.php\/conveying-funds\/","title":{"rendered":"Megnyert P\u00e1ly\u00e1zatok"},"content":{"rendered":"<div class=\"wpb-content-wrapper\"><p>[vc_row][vc_column][vc_single_image image=&#8221;1425&#8243; img_size=&#8221;full&#8221;][vc_column_text]<strong>Kedvezm\u00e9nyezett neve<\/strong>:\u00a0 Ekuna Szolg\u00e1ltat\u00f3-Gy\u00e1rt\u00f3-Kereskedelmi Korl\u00e1tolt Felel\u0151ss\u00e9g\u0171 T\u00e1rsas\u00e1g<\/p>\n<p><strong>Projekt c\u00edme<\/strong>: Szelekt\u00edv forraszt\u00f3g\u00e9p beszerz\u00e9se<\/p>\n<p><strong>Szerz\u0151d\u00f6tt t\u00e1mogat\u00e1s \u00f6sszege<\/strong>:\u00a0 13 894 681.-Ft.<\/p>\n<p><strong>T\u00e1mogat\u00e1s m\u00e9rt\u00e9ke<\/strong>: 50%.<\/p>\n<p><strong>Projekt tartalma<\/strong>: A beruh\u00e1z\u00e1s 1 db. szelekt\u00edv forraszt\u00f3g\u00e9p beszerz\u00e9s\u00e9re ir\u00e1nyult. A g\u00e9p beszerz\u00e9s\u00e9vel a c\u00e9g tev\u00e9kenys\u00e9ge b\u0151v\u00fclt, piacszerz\u0151 k\u00e9pess\u00e9ge megn\u0151tt, javult a hat\u00e9konys\u00e1g. T\u00f6bb term\u00e9ket lehet gy\u00e1rtani, egyenletes min\u0151s\u00e9gben. Ezenk\u00edv\u00fcl speci\u00e1lis munk\u00e1k elv\u00e9gz\u00e9s\u00e9re is alkalmas, ez\u00e1ltal \u00faj term\u00e9kek el\u0151\u00e1ll\u00edt\u00e1sa is lehet\u0151v\u00e9 v\u00e1lt.<\/p>\n<p><strong>Projekt befejez\u00e9s\u00e9nek d\u00e1tuma<\/strong>: 2018.07.27.<\/p>\n<p><strong>Projekt azonos\u00edt\u00f3 sz\u00e1ma<\/strong>: GINOP-2.1.8-17-2017-00163<\/p>\n<p><strong>T\u00e1mogat\u00f3 alap<\/strong>: Eur\u00f3pai Region\u00e1lis Fejleszt\u00e9si Alap[\/vc_column_text][vc_empty_space][vc_column_text]<strong>Kedvezm\u00e9nyezett neve<\/strong>:\u00a0 Ekuna Szolg\u00e1ltat\u00f3-Gy\u00e1rt\u00f3-Kereskedelmi Korl\u00e1tolt Felel\u0151ss\u00e9g\u0171 T\u00e1rsas\u00e1g<\/p>\n<p><strong>Projekt c\u00edme<\/strong>: AOI berendez\u00e9s beszerz\u00e9se.<\/p>\n<p><strong>Szerz\u0151d\u00f6tt t\u00e1mogat\u00e1s \u00f6sszege<\/strong>:\u00a0 32.514.400.-Ft.<\/p>\n<p><strong>T\u00e1mogat\u00e1s m\u00e9rt\u00e9ke<\/strong>: 50%.<\/p>\n<p><strong>Projekt tartalma<\/strong>: A beruh\u00e1z\u00e1s 1 db. OMRON S730-A. t\u00edpus\u00fa AOI berendez\u00e9s (4 oldaln\u00e9zet\u0171 kamer\u00e1val, 2 Moir\u00e9 3D projektorral, 2D barcode olvas\u00f3val szerelve) beszerz\u00e9s\u00e9re ir\u00e1nyult. A g\u00e9p \u00fczembehelyez\u00e9s\u00e9vel a termel\u00e9si technol\u00f3gi\u00e1nk fejleszt\u00e9se val\u00f3sult meg. A vizu\u00e1lis ellen\u0151rz\u00e9si folyamatot v\u00e1ltjuk fel az automatikus optikai ellen\u0151rz\u00e9ssel. Nincs olyan elektronikai term\u00e9k, amelynek legy\u00e1rtott \u00e1ramk\u00f6ri k\u00e1rty\u00e1i \u2013 legal\u00e1bb a technol\u00f3gia bevezet\u00e9se sor\u00e1n gy\u00e1rtott els\u0151 sorozatok- nem esnek \u00e1t egy optikai ellen\u0151rz\u00e9sen, amely \u00e9rt\u00e9keli az alkatr\u00e9szek megfelel\u0151 elhelyez\u00e9s\u00e9t \u00e9s a forraszt\u00e1sok min\u0151s\u00e9g\u00e9t.\u00a0 Az AOI berendez\u00e9ssel a c\u00e9g hat\u00e9konys\u00e1ga javult. Hosszabb t\u00e1von a szolg\u00e1ltat\u00e1sok sz\u00ednvonal\u00e1nak n\u00f6vel\u00e9se a c\u00e9l.\u00a0 A projekthez kapcsol\u00f3d\u00f3an elk\u00e9sz\u00fclt az Ekuna Kft. weboldala is, r\u00e9szletesen bemutatva a v\u00e1llalkoz\u00e1st. A fejleszt\u00e9s D\u00e9vav\u00e1nya gazdas\u00e1g\u00e1ra is kedvez\u0151 hat\u00e1ssal van.<\/p>\n<p><strong>Projekt befejez\u00e9s\u00e9nek d\u00e1tuma<\/strong>: 2017.12.06.<\/p>\n<p><strong>Projekt azonos\u00edt\u00f3 sz\u00e1ma<\/strong>: GINOP-1.2.2-16-2017-00475<\/p>\n<p><strong>T\u00e1mogat\u00f3 alap<\/strong>: Eur\u00f3pai Region\u00e1lis Fejleszt\u00e9si Alap[\/vc_column_text][vc_empty_space][vc_column_text]<strong>Kedvezm\u00e9nyezett neve<\/strong>:\u00a0 Ekuna Szolg\u00e1ltat\u00f3-Gy\u00e1rt\u00f3-Kereskedelmi Korl\u00e1tolt Felel\u0151ss\u00e9g\u0171 T\u00e1rsas\u00e1g<\/p>\n<p><strong>Projekt c\u00edme<\/strong>: Elektronikai vez\u00e9rl\u0151panel gy\u00e1rt\u00e1si kapacit\u00e1s b\u0151v\u00edt\u00e9se.<\/p>\n<p><strong>Szerz\u0151d\u00f6tt t\u00e1mogat\u00e1s \u00f6sszege<\/strong>:\u00a0 50.301.296.-Ft.<\/p>\n<p><strong>T\u00e1mogat\u00e1s m\u00e9rt\u00e9ke<\/strong>: 50%.<\/p>\n<p><strong>Projekt tartalma<\/strong>: A beruh\u00e1z\u00e1s 1 db. ERSA Powerflow\u00a0 eN2 t\u00edpus\u00fa hull\u00e1mforraszt\u00f3g\u00e9p, 1 db. PVA Delta-6 t\u00edpus\u00fa lakkoz\u00f3g\u00e9p beszerz\u00e9s\u00e9re ir\u00e1nyult, tov\u00e1bb\u00e1 a gyenge\u00e1ram\u00fa berendez\u00e9sek\u00a0 gy\u00e1rt\u00e1s\u00e1n\u00e1l n\u00e9lk\u00fcl\u00f6zhetetlen antisztatikus\u00a0 m\u0171gyant\u00e1s padl\u00f3 kialak\u00edt\u00e1sa t\u00f6rt\u00e9nt meg 450 m2 fel\u00fcleten, 2,5 mm. vastags\u00e1gban,\u00a0 biztos\u00edtva a statikus elektromoss\u00e1g kialakul\u00e1s\u00e1nak megakad\u00e1lyoz\u00e1s\u00e1t. A g\u00e9pek beszerz\u00e9s\u00e9vel a c\u00e9g tev\u00e9kenys\u00e9ge b\u0151v\u00fclt, javult a hat\u00e9konys\u00e1g, ez\u00e1ltal n\u0151tt az \u00e1rbev\u00e9tel. Min\u0151s\u00e9gi term\u00e9kel\u0151\u00e1ll\u00edt\u00e1s \u00e9s szolg\u00e1ltat\u00e1s csak korszer\u0171 berendez\u00e9sekkel l\u00e1that\u00f3 el. Az \u00faj berendez\u00e9sek hat\u00e1ssal vannak a t\u00e9rs\u00e9g technol\u00f3giai sz\u00ednvonal\u00e1nak n\u00f6vel\u00e9s\u00e9re, a k\u00e9pzetts\u00e9gi szint javul\u00e1s\u00e1ra. A kist\u00e9rs\u00e9gre n\u00e9zve a fejleszt\u00e9snek munkahelymegtart\u00f3 szerepe is van.<\/p>\n<p><strong>Projekt befejez\u00e9s\u00e9nek d\u00e1tuma<\/strong>: 2016.07.07.<\/p>\n<p><strong>Projekt azonos\u00edt\u00f3 sz\u00e1ma<\/strong>: GINOP-1.2.1-15-2015-00105<\/p>\n<p><strong>T\u00e1mogat\u00f3 alap<\/strong>: Eur\u00f3pai Region\u00e1lis Fejleszt\u00e9si Alap[\/vc_column_text][\/vc_column][\/vc_row]<\/p>\n<\/div>","protected":false},"excerpt":{"rendered":"<p>[vc_row][vc_column][vc_single_image image=&#8221;1425&#8243; img_size=&#8221;full&#8221;][vc_column_text]Kedvezm\u00e9nyezett neve:\u00a0 Ekuna Szolg\u00e1ltat\u00f3-Gy\u00e1rt\u00f3-Kereskedelmi Korl\u00e1tolt Felel\u0151ss\u00e9g\u0171 T\u00e1rsas\u00e1g Projekt c\u00edme: Szelekt\u00edv forraszt\u00f3g\u00e9p beszerz\u00e9se Szerz\u0151d\u00f6tt t\u00e1mogat\u00e1s \u00f6sszege:\u00a0 13 894 681.-Ft. T\u00e1mogat\u00e1s m\u00e9rt\u00e9ke: 50%. Projekt tartalma: A beruh\u00e1z\u00e1s 1 db. szelekt\u00edv forraszt\u00f3g\u00e9p beszerz\u00e9s\u00e9re ir\u00e1nyult. A g\u00e9p beszerz\u00e9s\u00e9vel a c\u00e9g tev\u00e9kenys\u00e9ge b\u0151v\u00fclt, piacszerz\u0151 k\u00e9pess\u00e9ge megn\u0151tt, javult a hat\u00e9konys\u00e1g. T\u00f6bb term\u00e9ket lehet gy\u00e1rtani, egyenletes min\u0151s\u00e9gben. Ezenk\u00edv\u00fcl speci\u00e1lis munk\u00e1k [&hellip;]<\/p>\n","protected":false},"author":5,"featured_media":0,"parent":0,"menu_order":0,"comment_status":"closed","ping_status":"closed","template":"","meta":{"_monsterinsights_skip_tracking":false,"_monsterinsights_sitenote_active":false,"_monsterinsights_sitenote_note":"","_monsterinsights_sitenote_category":0,"footnotes":""},"_links":{"self":[{"href":"https:\/\/www.ekuna.hu\/index.php\/wp-json\/wp\/v2\/pages\/1360"}],"collection":[{"href":"https:\/\/www.ekuna.hu\/index.php\/wp-json\/wp\/v2\/pages"}],"about":[{"href":"https:\/\/www.ekuna.hu\/index.php\/wp-json\/wp\/v2\/types\/page"}],"author":[{"embeddable":true,"href":"https:\/\/www.ekuna.hu\/index.php\/wp-json\/wp\/v2\/users\/5"}],"replies":[{"embeddable":true,"href":"https:\/\/www.ekuna.hu\/index.php\/wp-json\/wp\/v2\/comments?post=1360"}],"version-history":[{"count":5,"href":"https:\/\/www.ekuna.hu\/index.php\/wp-json\/wp\/v2\/pages\/1360\/revisions"}],"predecessor-version":[{"id":1427,"href":"https:\/\/www.ekuna.hu\/index.php\/wp-json\/wp\/v2\/pages\/1360\/revisions\/1427"}],"wp:attachment":[{"href":"https:\/\/www.ekuna.hu\/index.php\/wp-json\/wp\/v2\/media?parent=1360"}],"curies":[{"name":"wp","href":"https:\/\/api.w.org\/{rel}","templated":true}]}}