{"id":932,"date":"2014-09-28T14:34:39","date_gmt":"2014-09-28T12:34:39","guid":{"rendered":"https:\/\/ekuna.hu\/index.php\/kontakt\/"},"modified":"2023-03-20T22:46:52","modified_gmt":"2023-03-20T20:46:52","slug":"contact","status":"publish","type":"page","link":"https:\/\/www.ekuna.hu\/index.php\/contact\/?lang=en","title":{"rendered":"We are looking forward to talking to you."},"content":{"rendered":"<div class=\"wpb-content-wrapper\"><p>[vc_row][vc_column][vc_column_text]<\/p>\n<div class=\"contact-info\">\n<div class=\"text-holder\">\n<h3><img loading=\"lazy\" decoding=\"async\" class=\"alignnone size-full wp-image-1149\" src=\"https:\/\/ekuna.hu\/wp-content\/uploads\/2014\/09\/ekuna_logo_org_hu_120.jpg\" alt=\"\" width=\"120\" height=\"120\" \/><\/h3>\n<h3>Ekuna Kft. &#8211; Electronics<\/h3>\n<div class=\"two-column\">\n<div class=\"left\">\n<p>Tel. +36 66 484 739<\/p>\n<p>Fax +36 66 585 051<\/p>\n<p>J\u00e9ggy\u00e1r u. 1.<\/p>\n<p>5510 D\u00e9vav\u00e1nya<\/p>\n<p>Hungary<\/p>\n<p>&nbsp;<\/p>\n<\/div>\n<div class=\"left\">\n<p>Customer service:<\/p>\n<p><a href=\"mailto:info@ekuna.hu\">info(at)ekuna.hu<\/a><\/p>\n<\/div>\n<\/div>\n<\/div>\n<\/div>\n<p>[\/vc_column_text][\/vc_column][\/vc_row][vc_row][vc_column][vc_empty_space height=&#8221;35px&#8221;][\/vc_column][\/vc_row][vc_row el_class=&#8221;gmaps&#8221;][vc_column][vc_gmaps link=&#8221;#E-8_JTNDaWZyYW1lJTIwc3JjJTNEJTIyaHR0cHMlM0ElMkYlMkZ3d3cuZ29vZ2xlLmNvbSUyRm1hcHMlMkZlbWJlZCUzRnBiJTNEJTIxMW0xOCUyMTFtMTIlMjExbTMlMjExZDI3MTkuNjQxMDg5NjcxMzc2NCUyMTJkMjAuOTUzNjcxNjE2MDMxMzIyJTIxM2Q0Ny4wMjc2NDk2MzU3ODM0NiUyMTJtMyUyMTFmMCUyMTJmMCUyMTNmMCUyMTNtMiUyMTFpMTAyNCUyMTJpNzY4JTIxNGYxMy4xJTIxM20zJTIxMW0yJTIxMXMweDQ3NDY5NWY1ZjU1OTgxYzMlMjUzQTB4ZjJiZWY2NzhhMzk2YWFlYiUyMTJzRWt1bmElMkJLZnQuJTIxNWUwJTIxM20yJTIxMXNkZSUyMTJzZGUlMjE0djE1MTA4MTM2OTYzNzYlMjIlMjB3aWR0aCUzRCVFMiU4MCU5RTEwMCUyNSVFMiU4MCU5QyUyMGhlaWdodCUzRCVFMiU4MCU5RTIzMCVFMiU4MCU5QyUyMGZyYW1lYm9yZGVyJTNEJTIyMCUyMiUyMHN0eWxlJTNEJTIyYm9yZGVyJTNBMCUyMiUzRSUzQyUyRmlmcmFtZSUzRQ==&#8221; size=&#8221;230&#8243; el_class=&#8221;google-map&#8221;][\/vc_column][\/vc_row][vc_row][vc_column][vc_empty_space height=&#8221;55px&#8221;][\/vc_column][\/vc_row][vc_row][vc_column][vc_column_text]<\/p>\n<h3>Questions that are frequently asked by our customers<\/h3>\n<div class=\"accordion-holder\"><\/div>\n<p>[\/vc_column_text][\/vc_column][\/vc_row][vc_row][vc_column][vc_accordion active_tab=&#8221;false&#8221;][vc_accordion_tab title=&#8221;Which information and documents can you prepare for a request for quotation or a production order?&#8221;][vc_column_text]Parts list, released components, manufacturers and suppliers, quantity, prototypes, drawings, installation instructions, printed circuit board layout, test instructions and programming instructions, documentation requirements, packing instructions, address of delivery, schedule, project name and if necessary non-disclosure agreements, conformance and approval requirements (EMV, UL, CE, Ex etc.)[\/vc_column_text][\/vc_accordion_tab][\/vc_accordion][\/vc_column][\/vc_row]<\/p>\n<\/div>","protected":false},"excerpt":{"rendered":"<p>[vc_row][vc_column][vc_column_text] Ekuna Kft. &#8211; Electronics Tel. +36 66 484 739 Fax +36 66 585 051 J\u00e9ggy\u00e1r u. 1. 5510 D\u00e9vav\u00e1nya Hungary &nbsp; Customer service: info(at)ekuna.hu [\/vc_column_text][\/vc_column][\/vc_row][vc_row][vc_column][vc_empty_space height=&#8221;35px&#8221;][\/vc_column][\/vc_row][vc_row el_class=&#8221;gmaps&#8221;][vc_column][vc_gmaps link=&#8221;#E-8_JTNDaWZyYW1lJTIwc3JjJTNEJTIyaHR0cHMlM0ElMkYlMkZ3d3cuZ29vZ2xlLmNvbSUyRm1hcHMlMkZlbWJlZCUzRnBiJTNEJTIxMW0xOCUyMTFtMTIlMjExbTMlMjExZDI3MTkuNjQxMDg5NjcxMzc2NCUyMTJkMjAuOTUzNjcxNjE2MDMxMzIyJTIxM2Q0Ny4wMjc2NDk2MzU3ODM0NiUyMTJtMyUyMTFmMCUyMTJmMCUyMTNmMCUyMTNtMiUyMTFpMTAyNCUyMTJpNzY4JTIxNGYxMy4xJTIxM20zJTIxMW0yJTIxMXMweDQ3NDY5NWY1ZjU1OTgxYzMlMjUzQTB4ZjJiZWY2NzhhMzk2YWFlYiUyMTJzRWt1bmElMkJLZnQuJTIxNWUwJTIxM20yJTIxMXNkZSUyMTJzZGUlMjE0djE1MTA4MTM2OTYzNzYlMjIlMjB3aWR0aCUzRCVFMiU4MCU5RTEwMCUyNSVFMiU4MCU5QyUyMGhlaWdodCUzRCVFMiU4MCU5RTIzMCVFMiU4MCU5QyUyMGZyYW1lYm9yZGVyJTNEJTIyMCUyMiUyMHN0eWxlJTNEJTIyYm9yZGVyJTNBMCUyMiUzRSUzQyUyRmlmcmFtZSUzRQ==&#8221; size=&#8221;230&#8243; el_class=&#8221;google-map&#8221;][\/vc_column][\/vc_row][vc_row][vc_column][vc_empty_space height=&#8221;55px&#8221;][\/vc_column][\/vc_row][vc_row][vc_column][vc_column_text] Questions that are frequently asked by our customers [\/vc_column_text][\/vc_column][\/vc_row][vc_row][vc_column][vc_accordion active_tab=&#8221;false&#8221;][vc_accordion_tab title=&#8221;Which information and documents can you prepare for a request for quotation or [&hellip;]<\/p>\n","protected":false},"author":1,"featured_media":934,"parent":0,"menu_order":600,"comment_status":"closed","ping_status":"closed","template":"","meta":{"_monsterinsights_skip_tracking":false,"_monsterinsights_sitenote_active":false,"_monsterinsights_sitenote_note":"","_monsterinsights_sitenote_category":0,"footnotes":""},"_links":{"self":[{"href":"https:\/\/www.ekuna.hu\/index.php\/wp-json\/wp\/v2\/pages\/932"}],"collection":[{"href":"https:\/\/www.ekuna.hu\/index.php\/wp-json\/wp\/v2\/pages"}],"about":[{"href":"https:\/\/www.ekuna.hu\/index.php\/wp-json\/wp\/v2\/types\/page"}],"author":[{"embeddable":true,"href":"https:\/\/www.ekuna.hu\/index.php\/wp-json\/wp\/v2\/users\/1"}],"replies":[{"embeddable":true,"href":"https:\/\/www.ekuna.hu\/index.php\/wp-json\/wp\/v2\/comments?post=932"}],"version-history":[{"count":7,"href":"https:\/\/www.ekuna.hu\/index.php\/wp-json\/wp\/v2\/pages\/932\/revisions"}],"predecessor-version":[{"id":1421,"href":"https:\/\/www.ekuna.hu\/index.php\/wp-json\/wp\/v2\/pages\/932\/revisions\/1421"}],"wp:featuredmedia":[{"embeddable":true,"href":"https:\/\/www.ekuna.hu\/index.php\/wp-json\/wp\/v2\/media\/934"}],"wp:attachment":[{"href":"https:\/\/www.ekuna.hu\/index.php\/wp-json\/wp\/v2\/media?parent=932"}],"curies":[{"name":"wp","href":"https:\/\/api.w.org\/{rel}","templated":true}]}}